{"id":2483,"date":"2023-10-08T22:09:36","date_gmt":"2023-10-08T21:09:36","guid":{"rendered":"https:\/\/sportswearalbania.com\/?post_type=product&#038;p=2483"},"modified":"2024-04-13T01:51:29","modified_gmt":"2024-04-13T00:51:29","slug":"push-up-set-copy","status":"publish","type":"product","link":"https:\/\/kwv.ljx.temporary.site\/en\/product\/push-up-set-copy\/","title":{"rendered":"Push up Shorts Set Red Wine"},"content":{"rendered":"<p>[et_pb_section fb_built=&#8221;1&#8243; _builder_version=&#8221;4.16&#8243; custom_padding=&#8221;0px||||false|false&#8221; global_colors_info=&#8221;{}&#8221;][et_pb_row _builder_version=&#8221;4.16&#8243; background_size=&#8221;initial&#8221; background_position=&#8221;top_left&#8221; background_repeat=&#8221;repeat&#8221; width=&#8221;100%&#8221; custom_padding=&#8221;0px||0px||false|false&#8221; global_colors_info=&#8221;{}&#8221;][et_pb_column type=&#8221;4_4&#8243; _builder_version=&#8221;4.16&#8243; custom_padding=&#8221;|||&#8221; global_colors_info=&#8221;{}&#8221; custom_padding__hover=&#8221;|||&#8221;][et_pb_wc_breadcrumb _builder_version=&#8221;4.16&#8243; global_colors_info=&#8221;{}&#8221;][\/et_pb_wc_breadcrumb][et_pb_wc_cart_notice _builder_version=&#8221;4.16&#8243; global_colors_info=&#8221;{}&#8221;][\/et_pb_wc_cart_notice][\/et_pb_column][\/et_pb_row][et_pb_row column_structure=&#8221;1_2,1_2&#8243; _builder_version=&#8221;4.16&#8243; background_size=&#8221;initial&#8221; background_position=&#8221;top_left&#8221; background_repeat=&#8221;repeat&#8221; width=&#8221;100%&#8221; custom_padding=&#8221;0px||||false|false&#8221; global_colors_info=&#8221;{}&#8221;][et_pb_column type=&#8221;1_2&#8243; _builder_version=&#8221;4.16&#8243; custom_padding=&#8221;|||&#8221; global_colors_info=&#8221;{}&#8221; custom_padding__hover=&#8221;|||&#8221;][et_pb_wc_images _builder_version=&#8221;4.16&#8243; global_colors_info=&#8221;{}&#8221;][\/et_pb_wc_images][\/et_pb_column][et_pb_column type=&#8221;1_2&#8243; _builder_version=&#8221;4.16&#8243; custom_padding=&#8221;|||&#8221; global_colors_info=&#8221;{}&#8221; custom_padding__hover=&#8221;|||&#8221;][et_pb_wc_title _builder_version=&#8221;4.16&#8243; global_colors_info=&#8221;{}&#8221;][\/et_pb_wc_title][et_pb_wc_price _builder_version=&#8221;4.16&#8243; global_colors_info=&#8221;{}&#8221;][\/et_pb_wc_price][et_pb_wc_description _builder_version=&#8221;4.16&#8243; global_colors_info=&#8221;{}&#8221;][\/et_pb_wc_description][et_pb_wc_add_to_cart _builder_version=&#8221;4.16&#8243; global_colors_info=&#8221;{}&#8221;][\/et_pb_wc_add_to_cart][et_pb_wc_meta _builder_version=&#8221;4.16&#8243; global_colors_info=&#8221;{}&#8221;][\/et_pb_wc_meta][\/et_pb_column][\/et_pb_row][et_pb_row _builder_version=&#8221;4.16&#8243; background_size=&#8221;initial&#8221; background_position=&#8221;top_left&#8221; background_repeat=&#8221;repeat&#8221; width=&#8221;100%&#8221; global_colors_info=&#8221;{}&#8221;][et_pb_column type=&#8221;4_4&#8243; _builder_version=&#8221;4.16&#8243; custom_padding=&#8221;|||&#8221; global_colors_info=&#8221;{}&#8221; custom_padding__hover=&#8221;|||&#8221;][et_pb_wc_tabs _builder_version=&#8221;4.16&#8243; global_colors_info=&#8221;{}&#8221;]\t\t\t\t\t[\/et_pb_wc_tabs][et_pb_wc_upsells _builder_version=&#8221;4.16&#8243; global_colors_info=&#8221;{}&#8221;][\/et_pb_wc_upsells][et_pb_wc_related_products _builder_version=&#8221;4.16&#8243; global_colors_info=&#8221;{}&#8221;][\/et_pb_wc_related_products][\/et_pb_column][\/et_pb_row][\/et_pb_section]<\/p>\n","protected":false},"excerpt":{"rendered":"<p>Set with crop top and push up leggings.<\/p>","protected":false},"featured_media":3252,"template":"","meta":{"_et_pb_use_builder":"on","_et_pb_old_content":"Seti vjen i dizenjuar me nj\u00eb material t\u00eb plot\u00eb elastik, i cili do t\u2019ju siguroj\u00eb nj\u00eb rehati dhe fleksibilitet gjat\u00eb l\u00ebvizjeve, duke ju theksuar shum\u00eb bukur format. Crop top ka pads t\u00eb l\u00ebvizshme q\u00eb mund t\u00eb hiqen n\u00eb var\u00ebsi t\u00eb preferencave tuaja, nd\u00ebrsa leggings kan\u00eb prerje push up me rrudh\u00eb.\r\n\r\nT\u00eb p\u00ebrshtatshme p\u00ebr palest\u00ebr, yoga dhe \u00e7do aktivitet n\u00eb natyr\u00eb.\r\n\r\nMaterial i plot\u00eb elastik\r\n<ul>\r\n \t<li>Gjat\u00ebsi q\u00eb p\u00ebrshtatet<\/li>\r\n \t<li>Stre\u00e7e push up me rrudh\u00eb<\/li>\r\n \t<li>Crop top me pads t\u00eb l\u00ebvizshme<\/li>\r\n<\/ul>\r\n[tabs slidertype=\"top tabs\"] [tabcontainer] [tabtext]Size &amp; Fit[\/tabtext] [tabtext]Material &amp; Care[\/tabtext] [tabtext]Returns[\/tabtext][tabtext]Delivery[\/tabtext] [\/tabcontainer] [tabcontent] [tab]The measurements are fixed S, M, L. If you are between sizes, we advise you to take a larger size for more comfort[\/tab] [tab]Separate washing at 30 degrees. Do not iron them and hang them to dry.[\/tab] [tab]It is not allowed to return the product. Changes of size 24 H after receiving the order.[\/tab] [tab]Albania: Free Delivery on orders over 4500 Leke International: Free delivery on orders over 65 \u20ac [\/tab][tab]Separate washing at 30 degrees. Do not iron them and hang them to dry.[\/tab] [\/tabcontent] [\/tabs]\r\n\r\n&nbsp;","_et_gb_content_width":""},"product_brand":[],"product_cat":[24],"product_tag":[],"class_list":{"0":"post-2483","1":"product","2":"type-product","3":"status-publish","4":"has-post-thumbnail","6":"product_cat-sets","7":"pa_color-black","8":"pa_color-grey","9":"pa_color-mineral-green","10":"pa_color-red-wine","11":"pa_ewd_uwcf_colors-wine-red","12":"pa_size-l","13":"pa_size-m","14":"pa_size-s","16":"first","17":"instock","18":"taxable","19":"shipping-taxable","20":"purchasable","21":"product-type-variable","22":"has-default-attributes","23":"rtwpvs-product"},"_links":{"self":[{"href":"https:\/\/kwv.ljx.temporary.site\/en\/wp-json\/wp\/v2\/product\/2483","targetHints":{"allow":["GET"]}}],"collection":[{"href":"https:\/\/kwv.ljx.temporary.site\/en\/wp-json\/wp\/v2\/product"}],"about":[{"href":"https:\/\/kwv.ljx.temporary.site\/en\/wp-json\/wp\/v2\/types\/product"}],"wp:featuredmedia":[{"embeddable":true,"href":"https:\/\/kwv.ljx.temporary.site\/en\/wp-json\/wp\/v2\/media\/3252"}],"wp:attachment":[{"href":"https:\/\/kwv.ljx.temporary.site\/en\/wp-json\/wp\/v2\/media?parent=2483"}],"wp:term":[{"taxonomy":"product_brand","embeddable":true,"href":"https:\/\/kwv.ljx.temporary.site\/en\/wp-json\/wp\/v2\/product_brand?post=2483"},{"taxonomy":"product_cat","embeddable":true,"href":"https:\/\/kwv.ljx.temporary.site\/en\/wp-json\/wp\/v2\/product_cat?post=2483"},{"taxonomy":"product_tag","embeddable":true,"href":"https:\/\/kwv.ljx.temporary.site\/en\/wp-json\/wp\/v2\/product_tag?post=2483"}],"curies":[{"name":"wp","href":"https:\/\/api.w.org\/{rel}","templated":true}]}}