{"id":19119,"date":"2023-10-29T21:38:43","date_gmt":"2023-10-29T20:38:43","guid":{"rendered":"https:\/\/sportswearalbania.com\/?post_type=product&#038;p=19119"},"modified":"2024-03-31T00:36:38","modified_gmt":"2024-03-30T23:36:38","slug":"__trashed-7","status":"publish","type":"product","link":"https:\/\/kwv.ljx.temporary.site\/en\/product\/__trashed-7\/","title":{"rendered":"Day-Gym Leggings"},"content":{"rendered":"<p>[et_pb_section fb_built=&#8221;1&#8243; _builder_version=&#8221;4.16&#8243; custom_padding=&#8221;0px||||false|false&#8221; global_colors_info=&#8221;{}&#8221;][et_pb_row _builder_version=&#8221;4.16&#8243; background_size=&#8221;initial&#8221; background_position=&#8221;top_left&#8221; background_repeat=&#8221;repeat&#8221; width=&#8221;100%&#8221; custom_padding=&#8221;0px||0px||false|false&#8221; global_colors_info=&#8221;{}&#8221;][et_pb_column type=&#8221;4_4&#8243; _builder_version=&#8221;4.16&#8243; custom_padding=&#8221;|||&#8221; global_colors_info=&#8221;{}&#8221; custom_padding__hover=&#8221;|||&#8221;][et_pb_wc_breadcrumb _builder_version=&#8221;4.16&#8243; global_colors_info=&#8221;{}&#8221;][\/et_pb_wc_breadcrumb][\/et_pb_column][\/et_pb_row][et_pb_row column_structure=&#8221;1_2,1_2&#8243; _builder_version=&#8221;4.16&#8243; background_size=&#8221;initial&#8221; background_position=&#8221;top_left&#8221; background_repeat=&#8221;repeat&#8221; width=&#8221;100%&#8221; custom_padding=&#8221;0px||||false|false&#8221; global_colors_info=&#8221;{}&#8221;][et_pb_column type=&#8221;1_2&#8243; _builder_version=&#8221;4.16&#8243; custom_padding=&#8221;|||&#8221; global_colors_info=&#8221;{}&#8221; custom_padding__hover=&#8221;|||&#8221;][et_pb_wc_images _builder_version=&#8221;4.16&#8243; global_colors_info=&#8221;{}&#8221;][\/et_pb_wc_images][\/et_pb_column][et_pb_column type=&#8221;1_2&#8243; _builder_version=&#8221;4.16&#8243; custom_padding=&#8221;|||&#8221; global_colors_info=&#8221;{}&#8221; custom_padding__hover=&#8221;|||&#8221;][et_pb_wc_title _builder_version=&#8221;4.16&#8243; global_colors_info=&#8221;{}&#8221;][\/et_pb_wc_title][et_pb_wc_price _builder_version=&#8221;4.16&#8243; global_colors_info=&#8221;{}&#8221;][\/et_pb_wc_price][et_pb_wc_description _builder_version=&#8221;4.16&#8243; global_colors_info=&#8221;{}&#8221;][\/et_pb_wc_description][et_pb_wc_add_to_cart _builder_version=&#8221;4.23.1&#8243; button_border_radius=&#8221;8px&#8221; custom_margin=&#8221;-20px||10px||false|false&#8221; global_colors_info=&#8221;{}&#8221;][\/et_pb_wc_add_to_cart][et_pb_wc_meta _builder_version=&#8221;4.16&#8243; global_colors_info=&#8221;{}&#8221;][\/et_pb_wc_meta][\/et_pb_column][\/et_pb_row][et_pb_row _builder_version=&#8221;4.16&#8243; background_size=&#8221;initial&#8221; background_position=&#8221;top_left&#8221; background_repeat=&#8221;repeat&#8221; width=&#8221;100%&#8221; global_colors_info=&#8221;{}&#8221;][et_pb_column type=&#8221;4_4&#8243; _builder_version=&#8221;4.16&#8243; custom_padding=&#8221;|||&#8221; global_colors_info=&#8221;{}&#8221; custom_padding__hover=&#8221;|||&#8221;][et_pb_wc_tabs _builder_version=&#8221;4.16&#8243; global_colors_info=&#8221;{}&#8221;]\t\t\t\t\t[\/et_pb_wc_tabs][et_pb_wc_upsells _builder_version=&#8221;4.16&#8243; global_colors_info=&#8221;{}&#8221;][\/et_pb_wc_upsells][et_pb_wc_related_products _builder_version=&#8221;4.16&#8243; global_colors_info=&#8221;{}&#8221;][\/et_pb_wc_related_products][\/et_pb_column][\/et_pb_row][\/et_pb_section]<\/p>\n","protected":false},"excerpt":{"rendered":"<p>&nbsp;<\/p>\n<p>Stre\u00e7e pa rrudh\u00eb, me material t\u00eb plot\u00eb elastik.<\/p>","protected":false},"featured_media":20880,"template":"","meta":{"_et_pb_use_builder":"on","_et_pb_old_content":"[tabs slidertype=\"top tabs\"] [tabcontainer] [tabtext]Size &amp; Fit[\/tabtext] [tabtext]Material &amp; Care[\/tabtext] [tabtext]Returns[\/tabtext][tabtext]Delivery[\/tabtext] [\/tabcontainer] [tabcontent] [tab]The measurements are fixed S, M, L. If you are between sizes, we advise you to take a larger size for more comfort[\/tab] [tab]Separate washing at 30 degrees. Do not iron them and hang them to dry.[\/tab] [tab]It is not allowed to return the product. Changes of size 24 H after receiving the order.[\/tab] [tab]Albania: Free Delivery on orders over 4500 Leke International: Free delivery on orders over 65 \u20ac [\/tab][tab]Separate washing at 30 degrees. Do not iron them and hang them to dry.[\/tab] [\/tabcontent] [\/tabs]","_et_gb_content_width":""},"product_brand":[],"product_cat":[23],"product_tag":[],"class_list":{"0":"post-19119","1":"product","2":"type-product","3":"status-publish","4":"has-post-thumbnail","6":"product_cat-leggings","7":"pa_color-black","8":"pa_size-l","9":"pa_size-m","10":"pa_size-s","12":"first","13":"instock","14":"taxable","15":"shipping-taxable","16":"purchasable","17":"product-type-variable","18":"has-default-attributes","19":"rtwpvs-product"},"_links":{"self":[{"href":"https:\/\/kwv.ljx.temporary.site\/en\/wp-json\/wp\/v2\/product\/19119","targetHints":{"allow":["GET"]}}],"collection":[{"href":"https:\/\/kwv.ljx.temporary.site\/en\/wp-json\/wp\/v2\/product"}],"about":[{"href":"https:\/\/kwv.ljx.temporary.site\/en\/wp-json\/wp\/v2\/types\/product"}],"wp:featuredmedia":[{"embeddable":true,"href":"https:\/\/kwv.ljx.temporary.site\/en\/wp-json\/wp\/v2\/media\/20880"}],"wp:attachment":[{"href":"https:\/\/kwv.ljx.temporary.site\/en\/wp-json\/wp\/v2\/media?parent=19119"}],"wp:term":[{"taxonomy":"product_brand","embeddable":true,"href":"https:\/\/kwv.ljx.temporary.site\/en\/wp-json\/wp\/v2\/product_brand?post=19119"},{"taxonomy":"product_cat","embeddable":true,"href":"https:\/\/kwv.ljx.temporary.site\/en\/wp-json\/wp\/v2\/product_cat?post=19119"},{"taxonomy":"product_tag","embeddable":true,"href":"https:\/\/kwv.ljx.temporary.site\/en\/wp-json\/wp\/v2\/product_tag?post=19119"}],"curies":[{"name":"wp","href":"https:\/\/api.w.org\/{rel}","templated":true}]}}