{"id":1541,"date":"2023-09-27T15:14:46","date_gmt":"2023-09-27T15:14:46","guid":{"rendered":"https:\/\/sportswearalbania.com\/?post_type=product&#038;p=1541"},"modified":"2024-04-13T04:30:50","modified_gmt":"2024-04-13T03:30:50","slug":"basic-seamless-leggings","status":"publish","type":"product","link":"https:\/\/kwv.ljx.temporary.site\/en\/product\/basic-seamless-leggings\/","title":{"rendered":"Basic Seamless Leggings Black"},"content":{"rendered":"<p>[et_pb_section fb_built=&#8221;1&#8243; _builder_version=&#8221;4.16&#8243; custom_padding=&#8221;0px||||false|false&#8221; global_colors_info=&#8221;{}&#8221;][et_pb_row _builder_version=&#8221;4.16&#8243; background_size=&#8221;initial&#8221; background_position=&#8221;top_left&#8221; background_repeat=&#8221;repeat&#8221; width=&#8221;100%&#8221; custom_padding=&#8221;0px||0px||false|false&#8221; global_colors_info=&#8221;{}&#8221;][et_pb_column type=&#8221;4_4&#8243; _builder_version=&#8221;4.16&#8243; custom_padding=&#8221;|||&#8221; global_colors_info=&#8221;{}&#8221; custom_padding__hover=&#8221;|||&#8221;][et_pb_wc_breadcrumb _builder_version=&#8221;4.16&#8243; global_colors_info=&#8221;{}&#8221;][\/et_pb_wc_breadcrumb][\/et_pb_column][\/et_pb_row][et_pb_row column_structure=&#8221;1_2,1_2&#8243; _builder_version=&#8221;4.16&#8243; background_size=&#8221;initial&#8221; background_position=&#8221;top_left&#8221; background_repeat=&#8221;repeat&#8221; width=&#8221;100%&#8221; custom_padding=&#8221;0px||||false|false&#8221; global_colors_info=&#8221;{}&#8221;][et_pb_column type=&#8221;1_2&#8243; _builder_version=&#8221;4.16&#8243; custom_padding=&#8221;|||&#8221; global_colors_info=&#8221;{}&#8221; custom_padding__hover=&#8221;|||&#8221;][et_pb_wc_images _builder_version=&#8221;4.16&#8243; global_colors_info=&#8221;{}&#8221;][\/et_pb_wc_images][\/et_pb_column][et_pb_column type=&#8221;1_2&#8243; _builder_version=&#8221;4.16&#8243; custom_padding=&#8221;|||&#8221; global_colors_info=&#8221;{}&#8221; custom_padding__hover=&#8221;|||&#8221;][et_pb_wc_title _builder_version=&#8221;4.22.2&#8243; custom_css_free_form=&#8221;selector h1 {size:20px;}&#8221; global_colors_info=&#8221;{}&#8221;][\/et_pb_wc_title][et_pb_wc_price _builder_version=&#8221;4.16&#8243; global_colors_info=&#8221;{}&#8221;][\/et_pb_wc_price][et_pb_wc_description _builder_version=&#8221;4.16&#8243; global_colors_info=&#8221;{}&#8221;][\/et_pb_wc_description][et_pb_wc_add_to_cart _builder_version=&#8221;4.23.1&#8243; custom_margin=&#8221;-40px||10px||false|false&#8221; global_colors_info=&#8221;{}&#8221;][\/et_pb_wc_add_to_cart][et_pb_wc_meta _builder_version=&#8221;4.16&#8243; global_colors_info=&#8221;{}&#8221;][\/et_pb_wc_meta][\/et_pb_column][\/et_pb_row][et_pb_row _builder_version=&#8221;4.16&#8243; background_size=&#8221;initial&#8221; background_position=&#8221;top_left&#8221; background_repeat=&#8221;repeat&#8221; width=&#8221;100%&#8221; global_colors_info=&#8221;{}&#8221;][et_pb_column type=&#8221;4_4&#8243; _builder_version=&#8221;4.16&#8243; custom_padding=&#8221;|||&#8221; global_colors_info=&#8221;{}&#8221; custom_padding__hover=&#8221;|||&#8221;][et_pb_wc_tabs _builder_version=&#8221;4.16&#8243; global_colors_info=&#8221;{}&#8221;]\t\t\t\t\t[\/et_pb_wc_tabs][et_pb_wc_upsells _builder_version=&#8221;4.16&#8243; global_colors_info=&#8221;{}&#8221;][\/et_pb_wc_upsells][et_pb_wc_related_products _builder_version=&#8221;4.16&#8243; global_colors_info=&#8221;{}&#8221;][\/et_pb_wc_related_products][\/et_pb_column][\/et_pb_row][\/et_pb_section]<\/p>\n","protected":false},"excerpt":{"rendered":"<p>Leggings with high waist<\/p>\n<p>&nbsp;<\/p>","protected":false},"featured_media":1540,"template":"","meta":{"_et_pb_use_builder":"on","_et_pb_old_content":"Basic leggings do t\u2019ju sigurojn\u00eb nj\u00eb paraqitje t\u00eb bukur jo vet\u00ebm n\u00eb palester, por edhe n\u00eb jet\u00ebn e p\u00ebrditshme. T\u00eb pajisura me nj\u00eb material t\u00eb plot\u00eb elastik, ju do t\u00eb ndiheni m\u00eb rehat se kurr\u00eb.\r\n<ul>\r\n \t<li>Material i plot\u00eb elastik<\/li>\r\n \t<li>Gjat\u00ebsi q\u00eb p\u00ebrshtatet<\/li>\r\n \t<li>Bel mesatar<\/li>\r\n \t<li>Pa rrudh\u00eb<\/li>\r\n \t<li>Bel i trash\u00eb q\u00eb t\u00eb mbledh<\/li>\r\n \t<li>Material q\u00eb merr frym\u00eb<\/li>\r\n<\/ul>\r\n[tabs slidertype=\"top tabs\"] [tabcontainer] [tabtext]Size &amp; Fit[\/tabtext] [tabtext]Material &amp; Care[\/tabtext] [tabtext]Returns[\/tabtext][tabtext]Delivery[\/tabtext] [\/tabcontainer] [tabcontent] [tab]The measurements are fixed S, M, L. If you are between sizes, we advise you to take a larger size for more comfort[\/tab] [tab]Separate washing at 30 degrees. Do not iron them and hang them to dry.[\/tab] [tab]It is not allowed to return the product. Changes of size 24 H after receiving the order.[\/tab] [tab]Albania: Free Delivery on orders over 4500 Leke International: Free delivery on orders over 65 \u20ac [\/tab][tab]Separate washing at 30 degrees. Do not iron them and hang them to dry.[\/tab] [\/tabcontent] [\/tabs]","_et_gb_content_width":""},"product_brand":[],"product_cat":[23],"product_tag":[],"class_list":{"0":"post-1541","1":"product","2":"type-product","3":"status-publish","4":"has-post-thumbnail","6":"product_cat-leggings","7":"pa_color-black","8":"pa_color-dark-blue","9":"pa_color-dark-grey","10":"pa_ewd_uwcf_colors-black","11":"pa_size-l","12":"pa_size-m","13":"pa_size-s","15":"first","16":"instock","17":"taxable","18":"shipping-taxable","19":"purchasable","20":"product-type-variable","21":"has-default-attributes","22":"rtwpvs-product"},"_links":{"self":[{"href":"https:\/\/kwv.ljx.temporary.site\/en\/wp-json\/wp\/v2\/product\/1541","targetHints":{"allow":["GET"]}}],"collection":[{"href":"https:\/\/kwv.ljx.temporary.site\/en\/wp-json\/wp\/v2\/product"}],"about":[{"href":"https:\/\/kwv.ljx.temporary.site\/en\/wp-json\/wp\/v2\/types\/product"}],"wp:featuredmedia":[{"embeddable":true,"href":"https:\/\/kwv.ljx.temporary.site\/en\/wp-json\/wp\/v2\/media\/1540"}],"wp:attachment":[{"href":"https:\/\/kwv.ljx.temporary.site\/en\/wp-json\/wp\/v2\/media?parent=1541"}],"wp:term":[{"taxonomy":"product_brand","embeddable":true,"href":"https:\/\/kwv.ljx.temporary.site\/en\/wp-json\/wp\/v2\/product_brand?post=1541"},{"taxonomy":"product_cat","embeddable":true,"href":"https:\/\/kwv.ljx.temporary.site\/en\/wp-json\/wp\/v2\/product_cat?post=1541"},{"taxonomy":"product_tag","embeddable":true,"href":"https:\/\/kwv.ljx.temporary.site\/en\/wp-json\/wp\/v2\/product_tag?post=1541"}],"curies":[{"name":"wp","href":"https:\/\/api.w.org\/{rel}","templated":true}]}}