{"id":1526,"date":"2023-09-27T14:58:48","date_gmt":"2023-09-27T13:58:48","guid":{"rendered":"https:\/\/sportswearalbania.com\/?post_type=product&#038;p=1526"},"modified":"2024-04-13T04:31:17","modified_gmt":"2024-04-13T03:31:17","slug":"solid-seamless","status":"publish","type":"product","link":"https:\/\/kwv.ljx.temporary.site\/en\/product\/solid-seamless\/","title":{"rendered":"Solid Seamless Brown"},"content":{"rendered":"<p>[et_pb_section fb_built=&#8221;1&#8243; _builder_version=&#8221;4.16&#8243; custom_padding=&#8221;0px||||false|false&#8221; global_colors_info=&#8221;{}&#8221;][et_pb_row _builder_version=&#8221;4.16&#8243; background_size=&#8221;initial&#8221; background_position=&#8221;top_left&#8221; background_repeat=&#8221;repeat&#8221; width=&#8221;100%&#8221; custom_padding=&#8221;0px||0px||false|false&#8221; global_colors_info=&#8221;{}&#8221;][et_pb_column type=&#8221;4_4&#8243; _builder_version=&#8221;4.16&#8243; custom_padding=&#8221;|||&#8221; global_colors_info=&#8221;{}&#8221; custom_padding__hover=&#8221;|||&#8221;][et_pb_wc_breadcrumb _builder_version=&#8221;4.16&#8243; global_colors_info=&#8221;{}&#8221;][\/et_pb_wc_breadcrumb][et_pb_wc_cart_notice _builder_version=&#8221;4.16&#8243; global_colors_info=&#8221;{}&#8221;][\/et_pb_wc_cart_notice][\/et_pb_column][\/et_pb_row][et_pb_row column_structure=&#8221;1_2,1_2&#8243; _builder_version=&#8221;4.16&#8243; background_size=&#8221;initial&#8221; background_position=&#8221;top_left&#8221; background_repeat=&#8221;repeat&#8221; width=&#8221;100%&#8221; custom_padding=&#8221;0px||||false|false&#8221; global_colors_info=&#8221;{}&#8221;][et_pb_column type=&#8221;1_2&#8243; _builder_version=&#8221;4.16&#8243; custom_padding=&#8221;|||&#8221; global_colors_info=&#8221;{}&#8221; custom_padding__hover=&#8221;|||&#8221;][et_pb_wc_images _builder_version=&#8221;4.16&#8243; global_colors_info=&#8221;{}&#8221;][\/et_pb_wc_images][\/et_pb_column][et_pb_column type=&#8221;1_2&#8243; _builder_version=&#8221;4.16&#8243; custom_padding=&#8221;|||&#8221; global_colors_info=&#8221;{}&#8221; custom_padding__hover=&#8221;|||&#8221;][et_pb_wc_title _builder_version=&#8221;4.16&#8243; global_colors_info=&#8221;{}&#8221;][\/et_pb_wc_title][et_pb_wc_price _builder_version=&#8221;4.16&#8243; global_colors_info=&#8221;{}&#8221;][\/et_pb_wc_price][et_pb_wc_description _builder_version=&#8221;4.16&#8243; global_colors_info=&#8221;{}&#8221;][\/et_pb_wc_description][et_pb_wc_add_to_cart _builder_version=&#8221;4.23.1&#8243; custom_margin=&#8221;-20px||10px||false|false&#8221; global_colors_info=&#8221;{}&#8221;][\/et_pb_wc_add_to_cart][et_pb_wc_meta _builder_version=&#8221;4.16&#8243; global_colors_info=&#8221;{}&#8221;][\/et_pb_wc_meta][\/et_pb_column][\/et_pb_row][et_pb_row _builder_version=&#8221;4.16&#8243; background_size=&#8221;initial&#8221; background_position=&#8221;top_left&#8221; background_repeat=&#8221;repeat&#8221; width=&#8221;100%&#8221; global_colors_info=&#8221;{}&#8221;][et_pb_column type=&#8221;4_4&#8243; _builder_version=&#8221;4.16&#8243; custom_padding=&#8221;|||&#8221; global_colors_info=&#8221;{}&#8221; custom_padding__hover=&#8221;|||&#8221;][et_pb_wc_tabs _builder_version=&#8221;4.16&#8243; global_colors_info=&#8221;{}&#8221;]\t\t\t\t\t[\/et_pb_wc_tabs][et_pb_wc_upsells _builder_version=&#8221;4.16&#8243; global_colors_info=&#8221;{}&#8221;][\/et_pb_wc_upsells][et_pb_wc_related_products _builder_version=&#8221;4.16&#8243; global_colors_info=&#8221;{}&#8221;][\/et_pb_wc_related_products][\/et_pb_column][\/et_pb_row][\/et_pb_section]<\/p>\n","protected":false},"excerpt":{"rendered":"<p>Push up leggings with butt scrunch and mid waist.<\/p>","protected":false},"featured_media":1530,"template":"","meta":{"_et_pb_use_builder":"on","_et_pb_old_content":"Leggings jan\u00eb jo vet\u00ebm t\u00eb dizenjuara me nj\u00eb stil t\u00eb ve\u00e7ant\u00eb, por jan\u00eb edhe shum\u00eb t\u00eb rehatshme n\u00eb trup duke u p\u00ebrshtatur me \u00e7do aktivitet fizik si palestra, yoga dhe \u00e7do veprimtari t\u00eb jet\u00ebs s\u00eb p\u00ebrditshme.\r\n<ul>\r\n \t<li>Material i plot\u00eb elastik<\/li>\r\n \t<li>Gjat\u00ebsi q\u00eb p\u00ebrshtatet<\/li>\r\n \t<li>Bel mesatar<\/li>\r\n \t<li>Me rrudh\u00eb tek pjesa e vitheve<\/li>\r\n \t<li>Material q\u00eb merr frym\u00eb<\/li>\r\n<\/ul>\r\n<strong>Materiali<\/strong>: Nylon\/Spandex\r\n\r\n[tabs slidertype=\"top tabs\"] [tabcontainer] [tabtext]Size &amp; Fit[\/tabtext] [tabtext]Material &amp; Care[\/tabtext] [tabtext]Returns[\/tabtext][tabtext]Delivery[\/tabtext] [\/tabcontainer] [tabcontent] [tab]The measurements are fixed S, M, L. If you are between sizes, we advise you to take a larger size for more comfort[\/tab] [tab]Separate washing at 30 degrees. Do not iron them and hang them to dry.[\/tab] [tab]It is not allowed to return the product. Changes of size 24 H after receiving the order.[\/tab] [tab]Albania: Free Delivery on orders over 4500 Leke International: Free delivery on orders over 65 \u20ac [\/tab][tab]Separate washing at 30 degrees. Do not iron them and hang them to dry.[\/tab] [\/tabcontent] [\/tabs]","_et_gb_content_width":""},"product_brand":[],"product_cat":[23],"product_tag":[],"class_list":{"0":"post-1526","1":"product","2":"type-product","3":"status-publish","4":"has-post-thumbnail","6":"product_cat-leggings","7":"pa_color-brown","8":"pa_color-pink","9":"pa_ewd_uwcf_colors-brown","10":"pa_size-l","11":"pa_size-m","12":"pa_size-s","13":"pa_size-xl","15":"first","16":"instock","17":"taxable","18":"shipping-taxable","19":"purchasable","20":"product-type-variable","21":"has-default-attributes","22":"rtwpvs-product"},"_links":{"self":[{"href":"https:\/\/kwv.ljx.temporary.site\/en\/wp-json\/wp\/v2\/product\/1526","targetHints":{"allow":["GET"]}}],"collection":[{"href":"https:\/\/kwv.ljx.temporary.site\/en\/wp-json\/wp\/v2\/product"}],"about":[{"href":"https:\/\/kwv.ljx.temporary.site\/en\/wp-json\/wp\/v2\/types\/product"}],"wp:featuredmedia":[{"embeddable":true,"href":"https:\/\/kwv.ljx.temporary.site\/en\/wp-json\/wp\/v2\/media\/1530"}],"wp:attachment":[{"href":"https:\/\/kwv.ljx.temporary.site\/en\/wp-json\/wp\/v2\/media?parent=1526"}],"wp:term":[{"taxonomy":"product_brand","embeddable":true,"href":"https:\/\/kwv.ljx.temporary.site\/en\/wp-json\/wp\/v2\/product_brand?post=1526"},{"taxonomy":"product_cat","embeddable":true,"href":"https:\/\/kwv.ljx.temporary.site\/en\/wp-json\/wp\/v2\/product_cat?post=1526"},{"taxonomy":"product_tag","embeddable":true,"href":"https:\/\/kwv.ljx.temporary.site\/en\/wp-json\/wp\/v2\/product_tag?post=1526"}],"curies":[{"name":"wp","href":"https:\/\/api.w.org\/{rel}","templated":true}]}}