{"id":3,"date":"2023-09-15T21:34:46","date_gmt":"2023-09-15T21:34:46","guid":{"rendered":"https:\/\/sportswearalbania.com\/?page_id=3"},"modified":"2023-12-16T21:15:51","modified_gmt":"2023-12-16T20:15:51","slug":"terms-conditions","status":"publish","type":"page","link":"https:\/\/kwv.ljx.temporary.site\/en\/terms-conditions\/","title":{"rendered":"Terms and Conditions"},"content":{"rendered":"[et_pb_section fb_built=&#8221;1&#8243; disabled_on=&#8221;on|off|on&#8221; _builder_version=&#8221;4.10.7&#8243; _module_preset=&#8221;default&#8221; positioning=&#8221;fixed&#8221; vertical_offset_tablet=&#8221;213px&#8221; vertical_offset_phone=&#8221;&#8221; vertical_offset_last_edited=&#8221;on|tablet&#8221; horizontal_offset_tablet=&#8221;-15px&#8221; horizontal_offset_phone=&#8221;&#8221; horizontal_offset_last_edited=&#8221;on|tablet&#8221; custom_padding=&#8221;0px||8px|||&#8221; sticky_position=&#8221;top&#8221; global_module=&#8221;3134&#8243; saved_tabs=&#8221;all&#8221; global_colors_info=&#8221;{}&#8221;][\/et_pb_section][et_pb_section fb_built=&#8221;1&#8243; admin_label=&#8221;section&#8221; _builder_version=&#8221;4.16&#8243; custom_padding=&#8221;0px||6px||false|false&#8221; global_colors_info=&#8221;{}&#8221;][et_pb_row admin_label=&#8221;row&#8221; _builder_version=&#8221;4.23.1&#8243; background_size=&#8221;initial&#8221; background_position=&#8221;top_left&#8221; background_repeat=&#8221;repeat&#8221; custom_padding=&#8221;7px||8px|||&#8221; global_colors_info=&#8221;{}&#8221;][et_pb_column type=&#8221;4_4&#8243; _builder_version=&#8221;4.16&#8243; custom_padding=&#8221;|||&#8221; global_colors_info=&#8221;{}&#8221; custom_padding__hover=&#8221;|||&#8221;][et_pb_text admin_label=&#8221;Text&#8221; _builder_version=&#8221;4.23.1&#8243; text_font=&#8221;Poppins||||||||&#8221; text_text_color=&#8221;#000000&#8243; text_line_height=&#8221;1.6em&#8221; background_size=&#8221;initial&#8221; background_position=&#8221;top_left&#8221; background_repeat=&#8221;repeat&#8221; custom_padding=&#8221;||25px|||&#8221; hover_enabled=&#8221;0&#8243; global_colors_info=&#8221;{}&#8221; sticky_enabled=&#8221;0&#8243;]<p><\/p>\n<h2 class=\"wp-block-heading\"><strong><span><\/span><\/strong><\/h2>\n<h2><strong><span><\/span><\/strong><\/h2>\n<h2><strong><span>Termat dhe Kushtet<\/span><\/strong><\/h2>\n<p><span>Ne pohojm\u00eb q\u00eb, duke konfirmuar porosin\u00eb tuaj, ju keni lexuar dhe pranoni pa rezerva kushtet tona t\u00eb p\u00ebrgjithshme t\u00eb shitjes.<\/span><\/p>\n<p><span>Termat dhe Kushtet e p\u00ebrgjithshme t\u00eb shitjes t\u00eb detajuara m\u00eb posht\u00eb rregullojn\u00eb marr\u00ebdh\u00ebnien kontraktuale nd\u00ebrmjet \u2018P\u00ebrdoruesit\u2019 (m\u00eb posht\u00eb gjithashtu referuar si \u2018Ju\u2019 ose \u2018Bler\u00ebsi\u2019) dhe Sportswear Albania. <\/span><\/p>\n<p><span>Kompania jon\u00eb \u00ebsht\u00eb krijuar n\u00eb vitin 2020 me d\u00ebshiren dhe pasionin p\u00ebr t\u00eb bukur\u00ebn dhe fitness. <\/span><\/p>\n<p><span>Termat dhe Kushtet e Shitjes jan\u00eb t\u00eb r\u00ebnd\u00ebsishme p\u00ebr ju dhe Sportswearalbania.com pasi ato p\u00ebrdoren p\u00ebr t\u00eb mbrojtur t\u00eb drejtat tuaja si klient\/konsumator si dhe t\u00eb drejtat tona si biznes.<\/span><\/p>\n<h4><strong><span><\/span><\/strong><\/h4>\n<h4><strong><span><\/span><\/strong><\/h4>\n<h4><strong><span>Ndryshimet n\u00eb Termat dhe Kushtet dhe n\u00eb Website<\/span><\/strong><\/h4>\n<p><span>Sportswearalbania.com \u00ebsht\u00eb nj\u00eb projekt n\u00eb progres dhe n\u00eb evoluim t\u00eb vazhduesh\u00ebm, p\u00ebr k\u00ebt\u00eb arsye aspekte\/opsione t\u00eb caktuara mund t\u00eb ndryshojn\u00eb, t\u00eb shtohen ose t\u00eb hiqen. Ne rezervojm\u00eb t\u00eb drejt\u00ebn p\u00ebr t\u00eb p\u00ebrdit\u00ebsuar faqen e internetit dhe k\u00ebto kushte t\u00eb sh\u00ebrbimit nga koha n\u00eb koh\u00eb, sipas gjykimit ton\u00eb dhe pa asnj\u00eb njoftim. \u00cbsht\u00eb vet\u00ebm p\u00ebrgjegj\u00ebsia juaj p\u00ebr t\u00eb qen\u00eb t\u00eb p\u00ebrdit\u00ebsuar me Termat dhe Kushtet n\u00eb fuqi duke kontrolluar website-in ton\u00eb rregullisht. P\u00ebrdorimi i vazhduesh\u00ebm nga ana juaj i faqes s\u00eb internetit pas publikimit t\u00eb termave t\u00eb sh\u00ebrbimit t\u00eb p\u00ebrdit\u00ebsuara, do t\u00eb n\u00ebnkuptoj\u00eb q\u00eb ju keni lexuar dhe bini dakord me ndryshimet. <\/span><\/p>\n<h4><strong><span><\/span><\/strong><\/h4>\n<h4><strong><span><\/span><\/strong><\/h4>\n<h4><strong><span>Si t\u00eb blej n\u00eb Sportswear Albania?<\/span><\/strong><\/h4>\n<p><span>Sapo hyni n\u00eb faqen ton\u00eb ju keni mund\u00ebsi t\u00eb shikoni shum\u00ebllojshm\u00ebri produktesh, por edhe n\u00ebse doni t\u00eb k\u00ebrkoni direkt nj\u00eb produkt specifik mund t\u00eb k\u00ebrkoni tek opsioni \u201cK\u00cbRKO\u201d n\u00eb krye t\u00eb faqes. Kur e gjeni produktin q\u00eb ju p\u00eblqen dhe mas\u00ebn tuaj, e shtoni n\u00eb shport\u00eb duke shtypur butonin p\u00ebrkat\u00ebs.<\/span><\/p>\n<p><span>M\u00eb pas n\u00ebp\u00ebrmjet nj\u00eb metode tep\u00ebr t\u00eb thjesht\u00eb ju keni mund\u00ebsi t\u00eb mbyllni porosin\u00eb tuaj.<\/span><\/p>\n<h4><strong><span><\/span><\/strong><\/h4>\n<h4><strong><span><\/span><\/strong><\/h4>\n<h4><strong><span>Kushtet e p\u00ebrgjithshme t\u00eb d\u00ebrges\u00ebs: <\/span><\/strong><\/h4>\n<ul>\n<li><span>Sportswear Albania \u00ebsht\u00eb nj\u00eb kompani e cila operon vet\u00ebm Online. <\/span><\/li>\n<li><span>Dor\u00ebzimi i porosis\u00eb n\u00eb adres\u00ebn tuaj kryhet brenda 24-48 or\u00ebve n\u00eb Shqip\u00ebri dhe 4-7 dit\u00ebve n\u00eb Kosov\u00eb. <\/span><\/li>\n<li><span>Pagesa kryhet Cash te korrieri n\u00eb momentin e marrjes s\u00eb porosis\u00eb nga ju, ose nj\u00eb person tjet\u00ebr i ngarkuar nga ju.<\/span><\/li>\n<li><span>Nuk lejohet hapja e pakos n\u00eb momentin e dor\u00ebzimit. <\/span><\/li>\n<li><span>Posta kushton 200 Lek\u00eb n\u00eb Shqip\u00ebri dhe 5 Euro n\u00eb Kosov\u00eb. Posta \u00ebsht\u00eb falas me produkte mbi 4500 Lek\u00eb n\u00eb Shqip\u00ebri dhe 60 Euro n\u00eb Kosov\u00eb. <\/span><\/li>\n<li><span>Produkti kontrollohet shum\u00eb mir\u00eb nga stafi jon\u00eb para se t\u00eb dor\u00ebzohet, ndaj p\u00ebr <\/span>\u00e7<span>do d\u00ebmtim t\u00eb produktit pas dor\u00ebzimit kompania NUK mban p\u00ebrgjegj\u00ebsi!<\/span><\/li>\n<\/ul>\n<h4><strong><span><\/span><\/strong><\/h4>\n<h4><strong><span><\/span><\/strong><\/h4>\n<h4><strong><span>\u00c7mimet<\/span><\/strong><\/h4>\n<p><span>\u00c7mimet e treguara n\u00eb Sportswearalbania.com jan\u00eb t\u00eb paraqitura n\u00eb Lek\u00eb (ALL), Euro (\u20ac) dhe nuk p\u00ebrfshijn\u00eb \u00e7mimin p\u00ebr d\u00ebrges\u00ebn e produktit. Shpenzimet e d\u00ebrgimit tregohen qart\u00eb dhe faturohen n\u00eb fund t\u00eb porosis\u00eb, p\u00ebrve\u00e7 \u00e7mimit t\u00eb produkteve. Ne rezervojm\u00eb t\u00eb drejt\u00ebn p\u00ebr t\u00eb modifikuar \u00e7mimet tona n\u00eb \u00e7do moment, por n\u00eb asnj\u00eb rast nuk do t\u00eb ket\u00eb ndryshime \u00e7mimesh pas plot\u00ebsimit t\u00eb porosis\u00eb nga ana juaj. \u00c7mimi q\u00eb do t\u00eb shfaqet n\u00eb faqen e internetit pasi ju t\u00eb keni plot\u00ebsuar dhe konfirmuar porosin\u00eb, do t\u00eb jet\u00eb \u00e7mimi final dhe shuma e vetme q\u00eb ju do t\u00eb detyroheni t\u00eb paguani n\u00eb momentin e marrjes n\u00eb dor\u00ebzim t\u00eb produktit.<\/span><\/p>\n<h4><strong><span><\/span><\/strong><\/h4>\n<h4><strong><span><\/span><\/strong><\/h4>\n<h4><strong><span>Disponueshm\u00ebria<\/span><\/strong><\/h4>\n<p><span>Ne do t\u00eb garantojm\u00eb gjithmon\u00eb d\u00ebrgimin n\u00eb destinacion t\u00eb porosis\u00eb tuaj. N\u00ebse nj\u00eb produkt i p\u00ebrzgjedhur nga ju nuk \u00ebsht\u00eb n\u00eb stok n\u00eb momentin q\u00eb porosia juaj \u00ebsht\u00eb konfirmuar ju do t\u00eb njoftoheni. <\/span><\/p>\n<h4><strong><span><\/span><\/strong><\/h4>\n<h4><strong><span><\/span><\/strong><\/h4>\n<h4><strong><span>E drejta e autorit:<\/span><\/strong><\/h4>\n<p><span>T\u00eb gjitha dizenjot, teksti, grafika, udh\u00ebzimet, komentet, p\u00ebrzgjedhjet dhe rregullat jan\u00eb eskluzive p\u00ebr faqen ton\u00eb dhe jan\u00eb t\u00eb mbuluara nga ligjet nd\u00ebrkomb\u00ebtare t\u00eb s\u00eb drejt\u00ebs s\u00eb autorit. Leja ju \u00ebsht\u00eb dh\u00ebn\u00eb p\u00ebr t\u00eb par\u00eb, p\u00ebr t\u00eb b\u00ebr\u00eb kopje elektronike dhe t\u00eb printoni nj\u00eb pjes\u00eb t\u00eb k\u00ebsaj faqeje webi p\u00ebr q\u00ebllimin e vet\u00ebm p\u00ebr tu p\u00ebrdorur si nj\u00eb burim p\u00ebr blerje. \u00c7do p\u00ebrdorim tjet\u00ebr i materialeve n\u00eb k\u00ebt\u00eb faqe webi, duke p\u00ebrfshir\u00eb edhe riprodhimin p\u00ebr q\u00ebllime t\u00eb tjera si ato q\u00eb p\u00ebrmend\u00ebm m\u00eb lart, modifikimi, shp\u00ebrndarja ose ribotimi, pa lejen paraprake nga ne, \u00ebsht\u00eb i ndaluar rrept\u00ebsisht.<\/span><\/p>\n<h4><strong><span><\/span><\/strong><\/h4>\n<h4><strong><span><\/span><\/strong><\/h4>\n<h4><strong><span>Privat\u00ebsia dhe mbrojtja e t\u00eb dh\u00ebnave personale<\/span><\/strong><\/h4>\n<p><span>Detajet dhe t\u00eb dh\u00ebnat tuaja personale q\u00eb na jepni jan\u00eb thelb\u00ebsore p\u00ebr p\u00ebrpunimin dhe d\u00ebrgimin e porosive tuaja, kryerjen e sh\u00ebrbimeve nga ana jon\u00eb n\u00eb m\u00ebnyr\u00eb sa m\u00eb profesionale dhe efikase, si dhe p\u00ebr faturimin. Mosdh\u00ebnia e k\u00ebtyre t\u00eb dh\u00ebnave do t\u00eb rezultoj\u00eb n\u00eb anulimin e porosis\u00eb suaj. <\/span><\/p>\n<p><span>Komunikimi i informacionit t\u00eb rrem\u00eb \u00ebsht\u00eb n\u00eb kund\u00ebrshtim me kushtet dhe termat e p\u00ebrgjithshme t\u00eb Sportswearalbania.com.<\/span><\/p>\n<p><span>Ju keni t\u00eb drejt\u00ebn e p\u00ebrhershme p\u00ebr t\u00eb aksesuar dhe korrigjuar t\u00eb gjith\u00eb informacionin q\u00eb ju intereson, n\u00eb p\u00ebrputhje me ligjet nd\u00ebrkomb\u00ebtare dhe komb\u00ebtare t\u00eb vendit. Ju mundeni n\u00eb \u00e7do koh\u00eb t\u00eb b\u00ebni k\u00ebrkes\u00eb tek Sportswear Albania p\u00ebr t\u00eb gjetur se \u00e7far\u00eb informacioni personal n\u00eb mbajm\u00eb n\u00eb lidhje me ju. Ju mundeni n\u00eb \u00e7do koh\u00eb, dhe sipas k\u00ebrkes\u00ebs tuaj, t\u00eb modifikoni k\u00ebt\u00eb informacion. Ne do t\u00eb ruajm\u00eb dhe p\u00ebrpunojm\u00eb t\u00eb dh\u00ebnat tuaja personale n\u00eb p\u00ebrputhje me ligjin Nr. 9887, dat\u00eb 10.03.2008, ndryshuar me ligjin Nr. 48\/2012 \u201cP\u00ebr mbrojtjen e t\u00eb dh\u00ebnave personale\u201d.<\/span><\/p>\n<h4><strong><span><\/span><\/strong><\/h4>\n<h4><strong><span><\/span><\/strong><\/h4>\n<h4><strong><span>Pron\u00ebsia intelektuale<\/span><\/strong><\/h4>\n<p><span>T\u00eb gjitha p\u00ebrmbajtjet n\u00eb faqen Sportswearalbania.com (ilustrime, tekste, logo, emra t\u00eb markave, imazhe dhe video) jan\u00eb pron\u00eb e Sportswear Albania. \u00c7do riprodhim i pjessh\u00ebm ose i plot\u00eb i k\u00ebsaj p\u00ebrmbajtjeje, me \u00e7far\u00ebdo mjeti dhe m\u00ebnyre, duhet t\u2019i n\u00ebnshtrohet autorizimit paraprak dhe t\u00eb shprehur nga Sportswearalbania.com. T\u00eb gjitha informacionet, p\u00ebrmbajtjet dhe skedar\u00ebt mbrohen nga ligjet komb\u00ebtare dhe e drejta e pron\u00ebsis\u00eb intelektuale Shqiptare. Sportswearalbania.com nuk mund t\u2019ju jap\u00eb t\u00eb drejt\u00ebn p\u00ebr t\u00eb kopjuar, shfaqur ose shp\u00ebrndar\u00eb p\u00ebrmbajtje p\u00ebr t\u00eb cilat ju nuk keni t\u00eb drejta pron\u00ebsie intelektuale. T\u00eb gjitha p\u00ebrdorimet mashtruese t\u00eb k\u00ebsaj p\u00ebrmbajtje q\u00eb c\u00ebnojn\u00eb t\u00eb drejtat e mbajtura nga nj\u00eb pal\u00eb e tret\u00eb p\u00ebrb\u00ebjn\u00eb shkelje q\u00eb d\u00ebnohen r\u00ebnd\u00eb sipas Ligjit Nr.9947, dat\u00eb 7.7.2008 \u201cP\u00ebr Pron\u00ebsin\u00eb Industriale\u201d.<\/span><\/p>\n<p><span>Sportswearalbania.com nuk do t\u00eb konsiderohet, n\u00eb asnj\u00eb rrethan\u00eb, p\u00ebrgjegj\u00ebs n\u00ebse nj\u00eb p\u00ebrdorues shkel t\u00eb drejtat e mbajtura nga nj\u00eb pal\u00eb e tret\u00eb n\u00ebp\u00ebrmjet aktiviteteve t\u00eb tij n\u00eb k\u00ebt\u00eb faqe interneti (Sportswearalbania.com).<\/span><\/p>\n<h4><strong><span><\/span><\/strong><\/h4>\n<h4><strong><span><\/span><\/strong><\/h4>\n<h4><strong><span>Detyrimet<\/span><\/strong><\/h4>\n<p><span>Ju, me p\u00ebrdorimin e k\u00ebsaj faqeje, n\u00ebnkuptoni q\u00eb jeni dakort me kushtet tona dhe i pranoni ato n\u00eb momentin q\u00eb b\u00ebni nj\u00eb blerje. Ne gjithashtu jemi t\u00eb detyruar t\u00eb respektojm\u00eb \u00e7do premtim dhe sh\u00ebrbim q\u00eb publikojm\u00eb n\u00eb faqen ton\u00eb www.sportswearalbania.com.<\/span><\/p>\n<p><\/p>[\/et_pb_text][\/et_pb_column][\/et_pb_row][\/et_pb_section][et_pb_section fb_built=&#8221;1&#8243; specialty=&#8221;on&#8221; admin_label=&#8221;Footer&#8221; _builder_version=&#8221;4.22.2&#8243; _module_preset=&#8221;default&#8221; background_color=&#8221;#000000&#8243; custom_margin=&#8221;0px||||false|false&#8221; custom_padding=&#8221;||0px||false|false&#8221; border_radii=&#8221;off|12px|12px||&#8221; saved_tabs=&#8221;all&#8221; collapsed=&#8221;on&#8221; global_colors_info=&#8221;{}&#8221;][et_pb_column type=&#8221;1_2&#8243; _builder_version=&#8221;4.16&#8243; _module_preset=&#8221;default&#8221; custom_padding=&#8221;|||&#8221; global_colors_info=&#8221;{}&#8221; custom_padding__hover=&#8221;|||&#8221;][et_pb_text _builder_version=&#8221;4.22.2&#8243; _module_preset=&#8221;c86d33f5-7179-4198-bcd7-76386cf42ab5&#8243; text_font=&#8221;Poppins|300|||||||&#8221; text_font_size=&#8221;16px&#8221; header_font_size=&#8221;24px&#8221; header_3_font=&#8221;Poppins|300|||||||&#8221; header_3_text_color=&#8221;#FFFFFF&#8221; width=&#8221;100%&#8221; custom_margin=&#8221;0px||||false|false&#8221; custom_padding=&#8221;0px||||false|false&#8221; custom_padding_tablet=&#8221;20px||||false|false&#8221; custom_padding_phone=&#8221;20px||||false|false&#8221; custom_padding_last_edited=&#8221;on|desktop&#8221; header_3_font_size_phone=&#8221;18px&#8221; global_colors_info=&#8221;{}&#8221;]<h3>SportsWear Albania<\/h3>[\/et_pb_text][et_pb_text _builder_version=&#8221;4.22.2&#8243; _module_preset=&#8221;b8fb0c53-3403-4c93-910e-efa716a71b63&#8243; text_font=&#8221;Poppins|300|||||||&#8221; text_text_color=&#8221;#FFFFFF&#8221; custom_margin=&#8221;-20px||||false|false&#8221; custom_padding=&#8221;0px||||false|false&#8221; global_colors_info=&#8221;{}&#8221;]<p><span>Misioni yn\u00eb \u00ebsht\u00eb q\u00eb t\u00eb sjellim sa m\u00eb afer jush veshje sportive t\u00eb kualitetit t\u00eb lart\u00eb, funksionale dhe q\u00eb ndihmojn\u00eb\u00a0<\/span>\u00e7<span>do individ t\u00eb arrij\u00eb potencialin e tij m\u00eb t\u00eb lart\u00eb.<\/span><\/p>[\/et_pb_text][\/et_pb_column][et_pb_column type=&#8221;1_2&#8243; specialty_columns=&#8221;2&#8243; _builder_version=&#8221;4.16&#8243; _module_preset=&#8221;default&#8221; custom_padding=&#8221;|||&#8221; global_colors_info=&#8221;{}&#8221; custom_padding__hover=&#8221;|||&#8221;][et_pb_row_inner column_structure=&#8221;1_3,1_3,1_3&#8243; _builder_version=&#8221;4.22.2&#8243; _module_preset=&#8221;default&#8221; custom_padding=&#8221;|0px||||&#8221; global_colors_info=&#8221;{}&#8221;][et_pb_column_inner type=&#8221;1_3&#8243; saved_specialty_column_type=&#8221;1_2&#8243; _builder_version=&#8221;4.20.0&#8243; _module_preset=&#8221;default&#8221; global_colors_info=&#8221;{}&#8221;][et_pb_text _builder_version=&#8221;4.22.2&#8243; _module_preset=&#8221;b8fb0c53-3403-4c93-910e-efa716a71b63&#8243; text_text_color=&#8221;#FFFFFF&#8221; link_text_color=&#8221;#FFFFFF&#8221; custom_margin=&#8221;||10px||false|false&#8221; link_option_url=&#8221;https:\/\/kwv.ljx.temporary.site\/kontakte\/&#8221; global_colors_info=&#8221;{}&#8221;]<p>Kontakte<\/p>[\/et_pb_text][et_pb_text _builder_version=&#8221;4.22.2&#8243; _module_preset=&#8221;b8fb0c53-3403-4c93-910e-efa716a71b63&#8243; text_text_color=&#8221;#FFFFFF&#8221; link_text_color=&#8221;#FFFFFF&#8221; custom_margin=&#8221;||10px||false|false&#8221; link_option_url=&#8221;https:\/\/kwv.ljx.temporary.site\/terms-conditions\/&#8221; global_colors_info=&#8221;{}&#8221;]<p><a href=\"#\">Termat dhe Khushtet<\/a><\/p>[\/et_pb_text][et_pb_text _builder_version=&#8221;4.23.1&#8243; _module_preset=&#8221;b8fb0c53-3403-4c93-910e-efa716a71b63&#8243; text_text_color=&#8221;#FFFFFF&#8221; link_text_color=&#8221;#FFFFFF&#8221; custom_margin=&#8221;||10px||false|false&#8221; link_option_url=&#8221;https:\/\/kwv.ljx.temporary.site\/rreth-nesh\/&#8221; global_colors_info=&#8221;{}&#8221;]<p><a href=\"#\">Preth Nesh<\/a><\/p>\n<p><a href=\"#\"><\/a><\/p>\n<p><a href=\"#\"><\/a><\/p>[\/et_pb_text][\/et_pb_column_inner][et_pb_column_inner type=&#8221;1_3&#8243; saved_specialty_column_type=&#8221;1_2&#8243; _builder_version=&#8221;4.22.2&#8243; _module_preset=&#8221;default&#8221; global_colors_info=&#8221;{}&#8221;][et_pb_social_media_follow _builder_version=&#8221;4.22.2&#8243; _module_preset=&#8221;default&#8221; custom_padding=&#8221;|||0px||&#8221; global_colors_info=&#8221;{}&#8221;][et_pb_social_media_follow_network social_network=&#8221;instagram&#8221; url=&#8221;https:\/\/www.instagram.com\/sportswear.albania\/&#8221; _builder_version=&#8221;4.22.2&#8243; _module_preset=&#8221;default&#8221; global_colors_info=&#8221;{}&#8221; follow_button=&#8221;off&#8221; url_new_window=&#8221;on&#8221;]instagram[\/et_pb_social_media_follow_network][et_pb_social_media_follow_network social_network=&#8221;tiktok&#8221; url=&#8221;https:\/\/www.tiktok.com\/@sportswear.albania?_t=8gyZHw3Fo4A&#038;_r=1&#8243; _builder_version=&#8221;4.22.2&#8243; _module_preset=&#8221;default&#8221; background_color=&#8221;#000000&#8243; background_enable_color=&#8221;on&#8221; global_colors_info=&#8221;{}&#8221; follow_button=&#8221;off&#8221; url_new_window=&#8221;on&#8221;]tiktok[\/et_pb_social_media_follow_network][\/et_pb_social_media_follow][\/et_pb_column_inner][et_pb_column_inner type=&#8221;1_3&#8243; _builder_version=&#8221;4.22.2&#8243; _module_preset=&#8221;default&#8221; global_colors_info=&#8221;{}&#8221;][\/et_pb_column_inner][\/et_pb_row_inner][\/et_pb_column][\/et_pb_section]","protected":false},"excerpt":{"rendered":"<p>Termat dhe Kushtet Ne pohojm\u00eb q\u00eb, duke konfirmuar porosin\u00eb tuaj, ju keni lexuar dhe pranoni pa rezerva kushtet tona t\u00eb p\u00ebrgjithshme t\u00eb shitjes. Termat dhe Kushtet e p\u00ebrgjithshme t\u00eb shitjes t\u00eb detajuara m\u00eb posht\u00eb rregullojn\u00eb marr\u00ebdh\u00ebnien kontraktuale nd\u00ebrmjet \u2018P\u00ebrdoruesit\u2019 (m\u00eb posht\u00eb gjithashtu referuar si \u2018Ju\u2019 ose \u2018Bler\u00ebsi\u2019) dhe Sportswear Albania. Kompania jon\u00eb \u00ebsht\u00eb krijuar n\u00eb [&hellip;]<\/p>\n","protected":false},"author":1,"featured_media":0,"parent":0,"menu_order":0,"comment_status":"closed","ping_status":"closed","template":"","meta":{"_et_pb_use_builder":"on","_et_pb_old_content":"<!-- wp:heading -->\r\n<h2>Who we are<\/h2>\r\n<!-- \/wp:heading -->\r\n\r\n<!-- wp:paragraph -->\r\n<p><strong class=\"privacy-policy-tutorial\">Suggested text: <\/strong>Our website address is: https:\/\/kwv.ljx.temporary.site.<\/p>\r\n<!-- \/wp:paragraph -->\r\n\r\n<!-- wp:heading -->\r\n<h2>Comments<\/h2>\r\n<!-- \/wp:heading -->\r\n\r\n<!-- wp:paragraph -->\r\n<p><strong class=\"privacy-policy-tutorial\">Suggested text: <\/strong>When visitors leave comments on the site we collect the data shown in the comments form, and also the visitor\u2019s IP address and browser user agent string to help spam detection.<\/p>\r\n<!-- \/wp:paragraph -->\r\n\r\n<!-- wp:paragraph -->\r\n<p>An anonymized string created from your email address (also called a hash) may be provided to the Gravatar service to see if you are using it. The Gravatar service privacy policy is available here: https:\/\/automattic.com\/privacy\/. After approval of your comment, your profile picture is visible to the public in the context of your comment.<\/p>\r\n<!-- \/wp:paragraph -->\r\n\r\n<!-- wp:heading -->\r\n<h2>Media<\/h2>\r\n<!-- \/wp:heading -->\r\n\r\n<!-- wp:paragraph -->\r\n<p><strong class=\"privacy-policy-tutorial\">Suggested text: <\/strong>If you upload images to the website, you should avoid uploading images with embedded location data (EXIF GPS) included. Visitors to the website can download and extract any location data from images on the website.<\/p>\r\n<!-- \/wp:paragraph -->\r\n\r\n<!-- wp:heading -->\r\n<h2>Cookies<\/h2>\r\n<!-- \/wp:heading -->\r\n\r\n<!-- wp:paragraph -->\r\n<p><strong class=\"privacy-policy-tutorial\">Suggested text: <\/strong>If you leave a comment on our site you may opt-in to saving your name, email address and website in cookies. These are for your convenience so that you do not have to fill in your details again when you leave another comment. These cookies will last for one year.<\/p>\r\n<!-- \/wp:paragraph -->\r\n\r\n<!-- wp:paragraph -->\r\n<p>If you visit our login page, we will set a temporary cookie to determine if your browser accepts cookies. This cookie contains no personal data and is discarded when you close your browser.<\/p>\r\n<!-- \/wp:paragraph -->\r\n\r\n<!-- wp:paragraph -->\r\n<p>When you log in, we will also set up several cookies to save your login information and your screen display choices. Login cookies last for two days, and screen options cookies last for a year. If you select \"Remember Me\", your login will persist for two weeks. If you log out of your account, the login cookies will be removed.<\/p>\r\n<!-- \/wp:paragraph -->\r\n\r\n<!-- wp:paragraph -->\r\n<p>If you edit or publish an article, an additional cookie will be saved in your browser. This cookie includes no personal data and simply indicates the post ID of the article you just edited. It expires after 1 day.<\/p>\r\n<!-- \/wp:paragraph -->\r\n\r\n<!-- wp:heading -->\r\n<h2>Embedded content from other websites<\/h2>\r\n<!-- \/wp:heading -->\r\n\r\n<!-- wp:paragraph -->\r\n<p><strong class=\"privacy-policy-tutorial\">Suggested text: <\/strong>Articles on this site may include embedded content (e.g. videos, images, articles, etc.). Embedded content from other websites behaves in the exact same way as if the visitor has visited the other website.<\/p>\r\n<!-- \/wp:paragraph -->\r\n\r\n<!-- wp:paragraph -->\r\n<p>These websites may collect data about you, use cookies, embed additional third-party tracking, and monitor your interaction with that embedded content, including tracking your interaction with the embedded content if you have an account and are logged in to that website.<\/p>\r\n<!-- \/wp:paragraph -->\r\n\r\n<!-- wp:heading -->\r\n<h2>Who we share your data with<\/h2>\r\n<!-- \/wp:heading -->\r\n\r\n<!-- wp:paragraph -->\r\n<p><strong class=\"privacy-policy-tutorial\">Suggested text: <\/strong>If you request a password reset, your IP address will be included in the reset email.<\/p>\r\n<!-- \/wp:paragraph -->\r\n\r\n<!-- wp:heading -->\r\n<h2>How long we retain your data<\/h2>\r\n<!-- \/wp:heading -->\r\n\r\n<!-- wp:paragraph -->\r\n<p><strong class=\"privacy-policy-tutorial\">Suggested text: <\/strong>If you leave a comment, the comment and its metadata are retained indefinitely. This is so we can recognize and approve any follow-up comments automatically instead of holding them in a moderation queue.<\/p>\r\n<!-- \/wp:paragraph -->\r\n\r\n<!-- wp:paragraph -->\r\n<p>For users that register on our website (if any), we also store the personal information they provide in their user profile. All users can see, edit, or delete their personal information at any time (except they cannot change their username). Website administrators can also see and edit that information.<\/p>\r\n<!-- \/wp:paragraph -->\r\n\r\n<!-- wp:heading -->\r\n<h2>What rights you have over your data<\/h2>\r\n<!-- \/wp:heading -->\r\n\r\n<!-- wp:paragraph -->\r\n<p><strong class=\"privacy-policy-tutorial\">Suggested text: <\/strong>If you have an account on this site, or have left comments, you can request to receive an exported file of the personal data we hold about you, including any data you have provided to us. You can also request that we erase any personal data we hold about you. This does not include any data we are obliged to keep for administrative, legal, or security purposes.<\/p>\r\n<!-- \/wp:paragraph -->\r\n\r\n<!-- wp:heading -->\r\n<h2>Where your data is sent<\/h2>\r\n<!-- \/wp:heading -->\r\n\r\n<!-- wp:paragraph -->\r\n<p><strong class=\"privacy-policy-tutorial\">Suggested text: <\/strong>Visitor comments may be checked through an automated spam detection service.<\/p>\r\n<!-- \/wp:paragraph -->","_et_gb_content_width":"","footnotes":""},"class_list":["post-3","page","type-page","status-publish","hentry"],"_links":{"self":[{"href":"https:\/\/kwv.ljx.temporary.site\/en\/wp-json\/wp\/v2\/pages\/3","targetHints":{"allow":["GET"]}}],"collection":[{"href":"https:\/\/kwv.ljx.temporary.site\/en\/wp-json\/wp\/v2\/pages"}],"about":[{"href":"https:\/\/kwv.ljx.temporary.site\/en\/wp-json\/wp\/v2\/types\/page"}],"author":[{"embeddable":true,"href":"https:\/\/kwv.ljx.temporary.site\/en\/wp-json\/wp\/v2\/users\/1"}],"replies":[{"embeddable":true,"href":"https:\/\/kwv.ljx.temporary.site\/en\/wp-json\/wp\/v2\/comments?post=3"}],"version-history":[{"count":0,"href":"https:\/\/kwv.ljx.temporary.site\/en\/wp-json\/wp\/v2\/pages\/3\/revisions"}],"wp:attachment":[{"href":"https:\/\/kwv.ljx.temporary.site\/en\/wp-json\/wp\/v2\/media?parent=3"}],"curies":[{"name":"wp","href":"https:\/\/api.w.org\/{rel}","templated":true}]}}