{"id":24,"date":"2023-09-18T21:44:15","date_gmt":"2023-09-18T21:44:15","guid":{"rendered":"https:\/\/sportswearalbania.com\/?page_id=24"},"modified":"2023-12-16T21:43:05","modified_gmt":"2023-12-16T20:43:05","slug":"kontakte","status":"publish","type":"page","link":"https:\/\/kwv.ljx.temporary.site\/en\/kontakte\/","title":{"rendered":"Contacts"},"content":{"rendered":"<p>[et_pb_section fb_built=&#8221;1&#8243; disabled_on=&#8221;on|off|on&#8221; _builder_version=&#8221;4.10.7&#8243; _module_preset=&#8221;default&#8221; positioning=&#8221;fixed&#8221; vertical_offset_tablet=&#8221;213px&#8221; vertical_offset_phone=&#8221;&#8221; vertical_offset_last_edited=&#8221;on|tablet&#8221; horizontal_offset_tablet=&#8221;-15px&#8221; horizontal_offset_phone=&#8221;&#8221; horizontal_offset_last_edited=&#8221;on|tablet&#8221; custom_padding=&#8221;0px||8px|||&#8221; sticky_position=&#8221;top&#8221; global_module=&#8221;3134&#8243; saved_tabs=&#8221;all&#8221; global_colors_info=&#8221;{}&#8221;][\/et_pb_section][et_pb_section fb_built=&#8221;1&#8243; _builder_version=&#8221;4.16&#8243; custom_padding=&#8221;30px|0px|62px|0px|false|false&#8221; global_colors_info=&#8221;{}&#8221;][et_pb_row column_structure=&#8221;1_2,1_2&#8243; _builder_version=&#8221;4.16&#8243; custom_margin=&#8221;-15px|auto||auto||&#8221; custom_padding=&#8221;27px|0px|0|0px|false|false&#8221; global_colors_info=&#8221;{}&#8221;][et_pb_column type=&#8221;1_2&#8243; _builder_version=&#8221;4.16&#8243; custom_padding=&#8221;|||&#8221; global_colors_info=&#8221;{}&#8221; custom_padding__hover=&#8221;|||&#8221;][et_pb_image src=&#8221;https:\/\/kwv.ljx.temporary.site\/wp-content\/uploads\/2023\/11\/Foto-Web-7.jpeg&#8221; title_text=&#8221;Foto Web 7&#8243; align_tablet=&#8221;center&#8221; align_phone=&#8221;&#8221; align_last_edited=&#8221;on|desktop&#8221; _builder_version=&#8221;4.22.2&#8243; max_width=&#8221;88%&#8221; module_alignment=&#8221;center&#8221; border_radii=&#8221;off||125px|125px|125px&#8221; box_shadow_style=&#8221;preset1&#8243; box_shadow_color=&#8221;RGBA(255,255,255,0)&#8221; global_colors_info=&#8221;{}&#8221;][\/et_pb_image][\/et_pb_column][et_pb_column type=&#8221;1_2&#8243; _builder_version=&#8221;4.16&#8243; custom_padding=&#8221;30px||||false|false&#8221; global_colors_info=&#8221;{}&#8221; custom_padding__hover=&#8221;|||&#8221;][et_pb_image src=&#8221;https:\/\/kwv.ljx.temporary.site\/wp-content\/uploads\/2023\/09\/lotus.png&#8221; align=&#8221;center&#8221; align_tablet=&#8221;center&#8221; align_phone=&#8221;&#8221; align_last_edited=&#8221;on|desktop&#8221; _builder_version=&#8221;4.16&#8243; max_width=&#8221;15%&#8221; global_colors_info=&#8221;{}&#8221;][\/et_pb_image][et_pb_text _builder_version=&#8221;4.16&#8243; custom_margin=&#8221;||0px&#8221; custom_padding=&#8221;||0px&#8221; global_colors_info=&#8221;{}&#8221;]<\/p>\n<h4 style=\"text-align: center;\"><strong>NA KONTAKTONI<\/strong><\/h4>\n<p>[\/et_pb_text][et_pb_contact_form captcha=&#8221;off&#8221; email=&#8221;sportswear.albania@yahoo.com&#8221; success_message=&#8221;Message sent successfully!&#8221; _builder_version=&#8221;4.23.1&#8243; _unique_id=&#8221;65e422d0-b669-48ad-abf7-7dd5abb5f24f&#8221; form_field_text_color=&#8221;#000000&#8243; title_font=&#8221;Arial||||||||&#8221; form_field_font=&#8221;||||||||&#8221; custom_button=&#8221;on&#8221; button_text_size=&#8221;15px&#8221; button_text_color=&#8221;#ffffff&#8221; button_bg_color=&#8221;#cb307e&#8221; button_border_width=&#8221;0px&#8221; button_border_radius=&#8221;7px&#8221; button_font=&#8221;Poppins|300|||||||&#8221; button_use_icon=&#8221;off&#8221; text_orientation=&#8221;left&#8221; custom_margin=&#8221;20px||&#8221; hover_enabled=&#8221;0&#8243; global_colors_info=&#8221;{}&#8221; sticky_enabled=&#8221;0&#8243; form_field_line_height=&#8221;1.3em&#8221;][et_pb_contact_field field_id=&#8221;Name&#8221; field_title=&#8221;Name&#8221; _builder_version=&#8221;4.16&#8243; form_field_background_color=&#8221;#ffffff&#8221; form_field_font=&#8221;Arimo|600|||||||&#8221; border_radii=&#8221;on|5px|5px|5px|5px&#8221; border_width_all=&#8221;2px&#8221; border_color_all=&#8221;#C63DA7&#8243; field_background_color=&#8221;#ffffff&#8221; global_colors_info=&#8221;{}&#8221; button_text_size__hover_enabled=&#8221;off&#8221; button_one_text_size__hover_enabled=&#8221;off&#8221; button_two_text_size__hover_enabled=&#8221;off&#8221; button_text_color__hover_enabled=&#8221;off&#8221; button_one_text_color__hover_enabled=&#8221;off&#8221; button_two_text_color__hover_enabled=&#8221;off&#8221; button_border_width__hover_enabled=&#8221;off&#8221; button_one_border_width__hover_enabled=&#8221;off&#8221; button_two_border_width__hover_enabled=&#8221;off&#8221; button_border_color__hover_enabled=&#8221;off&#8221; button_one_border_color__hover_enabled=&#8221;off&#8221; button_two_border_color__hover_enabled=&#8221;off&#8221; button_border_radius__hover_enabled=&#8221;off&#8221; button_one_border_radius__hover_enabled=&#8221;off&#8221; button_two_border_radius__hover_enabled=&#8221;off&#8221; button_letter_spacing__hover_enabled=&#8221;off&#8221; button_one_letter_spacing__hover_enabled=&#8221;off&#8221; button_two_letter_spacing__hover_enabled=&#8221;off&#8221; button_bg_color__hover_enabled=&#8221;off&#8221; button_one_bg_color__hover_enabled=&#8221;off&#8221; button_two_bg_color__hover_enabled=&#8221;off&#8221;][\/et_pb_contact_field][et_pb_contact_field field_id=&#8221;Surname&#8221; field_title=&#8221;Surname&#8221; _builder_version=&#8221;4.16&#8243; form_field_background_color=&#8221;#ffffff&#8221; form_field_font=&#8221;Arimo|600|||||||&#8221; border_radii=&#8221;on|5px|5px|5px|5px&#8221; border_width_all=&#8221;2px&#8221; border_color_all=&#8221;#C63DA7&#8243; field_background_color=&#8221;#ffffff&#8221; global_colors_info=&#8221;{}&#8221; button_text_size__hover_enabled=&#8221;off&#8221; button_one_text_size__hover_enabled=&#8221;off&#8221; button_two_text_size__hover_enabled=&#8221;off&#8221; button_text_color__hover_enabled=&#8221;off&#8221; button_one_text_color__hover_enabled=&#8221;off&#8221; button_two_text_color__hover_enabled=&#8221;off&#8221; button_border_width__hover_enabled=&#8221;off&#8221; button_one_border_width__hover_enabled=&#8221;off&#8221; button_two_border_width__hover_enabled=&#8221;off&#8221; button_border_color__hover_enabled=&#8221;off&#8221; button_one_border_color__hover_enabled=&#8221;off&#8221; button_two_border_color__hover_enabled=&#8221;off&#8221; button_border_radius__hover_enabled=&#8221;off&#8221; button_one_border_radius__hover_enabled=&#8221;off&#8221; button_two_border_radius__hover_enabled=&#8221;off&#8221; button_letter_spacing__hover_enabled=&#8221;off&#8221; button_one_letter_spacing__hover_enabled=&#8221;off&#8221; button_two_letter_spacing__hover_enabled=&#8221;off&#8221; button_bg_color__hover_enabled=&#8221;off&#8221; button_one_bg_color__hover_enabled=&#8221;off&#8221; button_two_bg_color__hover_enabled=&#8221;off&#8221;][\/et_pb_contact_field][et_pb_contact_field field_id=&#8221;Email&#8221; field_title=&#8221;Email&#8221; field_type=&#8221;email&#8221; fullwidth_field=&#8221;on&#8221; _builder_version=&#8221;4.16&#8243; form_field_background_color=&#8221;#ffffff&#8221; form_field_font=&#8221;Arimo|600|||||||&#8221; border_radii=&#8221;on|5px|5px|5px|5px&#8221; border_width_all=&#8221;2px&#8221; border_color_all=&#8221;#C63DA7&#8243; field_background_color=&#8221;#ffffff&#8221; global_colors_info=&#8221;{}&#8221; button_text_size__hover_enabled=&#8221;off&#8221; button_one_text_size__hover_enabled=&#8221;off&#8221; button_two_text_size__hover_enabled=&#8221;off&#8221; button_text_color__hover_enabled=&#8221;off&#8221; button_one_text_color__hover_enabled=&#8221;off&#8221; button_two_text_color__hover_enabled=&#8221;off&#8221; button_border_width__hover_enabled=&#8221;off&#8221; button_one_border_width__hover_enabled=&#8221;off&#8221; button_two_border_width__hover_enabled=&#8221;off&#8221; button_border_color__hover_enabled=&#8221;off&#8221; button_one_border_color__hover_enabled=&#8221;off&#8221; button_two_border_color__hover_enabled=&#8221;off&#8221; button_border_radius__hover_enabled=&#8221;off&#8221; button_one_border_radius__hover_enabled=&#8221;off&#8221; button_two_border_radius__hover_enabled=&#8221;off&#8221; button_letter_spacing__hover_enabled=&#8221;off&#8221; button_one_letter_spacing__hover_enabled=&#8221;off&#8221; button_two_letter_spacing__hover_enabled=&#8221;off&#8221; button_bg_color__hover_enabled=&#8221;off&#8221; button_one_bg_color__hover_enabled=&#8221;off&#8221; button_two_bg_color__hover_enabled=&#8221;off&#8221;][\/et_pb_contact_field][et_pb_contact_field field_id=&#8221;Subject&#8221; field_title=&#8221;Subject&#8221; field_type=&#8221;text&#8221; fullwidth_field=&#8221;on&#8221; _builder_version=&#8221;4.16&#8243; form_field_background_color=&#8221;#ffffff&#8221; form_field_font=&#8221;Arimo|600|||||||&#8221; link_option_url_new_window=&#8221;on&#8221; border_radii=&#8221;on|5px|5px|5px|5px&#8221; border_width_all=&#8221;2px&#8221; border_color_all=&#8221;#C63DA7&#8243; field_background_color=&#8221;#ffffff&#8221; global_colors_info=&#8221;{}&#8221; button_text_size__hover_enabled=&#8221;off&#8221; button_one_text_size__hover_enabled=&#8221;off&#8221; button_two_text_size__hover_enabled=&#8221;off&#8221; button_text_color__hover_enabled=&#8221;off&#8221; button_one_text_color__hover_enabled=&#8221;off&#8221; button_two_text_color__hover_enabled=&#8221;off&#8221; button_border_width__hover_enabled=&#8221;off&#8221; button_one_border_width__hover_enabled=&#8221;off&#8221; button_two_border_width__hover_enabled=&#8221;off&#8221; button_border_color__hover_enabled=&#8221;off&#8221; button_one_border_color__hover_enabled=&#8221;off&#8221; button_two_border_color__hover_enabled=&#8221;off&#8221; button_border_radius__hover_enabled=&#8221;off&#8221; button_one_border_radius__hover_enabled=&#8221;off&#8221; button_two_border_radius__hover_enabled=&#8221;off&#8221; button_letter_spacing__hover_enabled=&#8221;off&#8221; button_one_letter_spacing__hover_enabled=&#8221;off&#8221; button_two_letter_spacing__hover_enabled=&#8221;off&#8221; button_bg_color__hover_enabled=&#8221;off&#8221; button_one_bg_color__hover_enabled=&#8221;off&#8221; button_two_bg_color__hover_enabled=&#8221;off&#8221;][\/et_pb_contact_field][\/et_pb_contact_form][et_pb_image src=&#8221;https:\/\/kwv.ljx.temporary.site\/wp-content\/uploads\/2023\/09\/extended.png&#8221; align=&#8221;center&#8221; align_tablet=&#8221;center&#8221; align_phone=&#8221;&#8221; align_last_edited=&#8221;on|desktop&#8221; _builder_version=&#8221;4.16&#8243; max_width=&#8221;13%&#8221; custom_margin=&#8221;-40px||&#8221; global_colors_info=&#8221;{}&#8221;][\/et_pb_image][et_pb_text _builder_version=&#8221;4.16&#8243; global_colors_info=&#8221;{}&#8221;]<\/p>\n<h4 style=\"text-align: center;\"><strong>NE JEMI KETU PER JU<\/strong><\/h4>\n<p>[\/et_pb_text][\/et_pb_column][\/et_pb_row][\/et_pb_section][et_pb_section fb_built=&#8221;1&#8243; specialty=&#8221;on&#8221; admin_label=&#8221;Footer&#8221; _builder_version=&#8221;4.22.2&#8243; _module_preset=&#8221;default&#8221; background_color=&#8221;#000000&#8243; custom_margin=&#8221;0px||||false|false&#8221; custom_padding=&#8221;||0px||false|false&#8221; border_radii=&#8221;off|12px|12px||&#8221; saved_tabs=&#8221;all&#8221; collapsed=&#8221;on&#8221; global_colors_info=&#8221;{}&#8221;][et_pb_column type=&#8221;1_2&#8243; _builder_version=&#8221;4.16&#8243; _module_preset=&#8221;default&#8221; custom_padding=&#8221;|||&#8221; global_colors_info=&#8221;{}&#8221; custom_padding__hover=&#8221;|||&#8221;][et_pb_text _builder_version=&#8221;4.22.2&#8243; _module_preset=&#8221;c86d33f5-7179-4198-bcd7-76386cf42ab5&#8243; text_font=&#8221;Poppins|300|||||||&#8221; text_font_size=&#8221;16px&#8221; header_font_size=&#8221;24px&#8221; header_3_font=&#8221;Poppins|300|||||||&#8221; header_3_text_color=&#8221;#FFFFFF&#8221; width=&#8221;100%&#8221; custom_margin=&#8221;0px||||false|false&#8221; custom_padding=&#8221;0px||||false|false&#8221; custom_padding_tablet=&#8221;20px||||false|false&#8221; custom_padding_phone=&#8221;20px||||false|false&#8221; custom_padding_last_edited=&#8221;on|desktop&#8221; header_3_font_size_phone=&#8221;18px&#8221; global_colors_info=&#8221;{}&#8221;]<\/p>\n<h3>SportsWear Albania<\/h3>\n<p>[\/et_pb_text][et_pb_text _builder_version=&#8221;4.22.2&#8243; _module_preset=&#8221;b8fb0c53-3403-4c93-910e-efa716a71b63&#8243; text_font=&#8221;Poppins|300|||||||&#8221; text_text_color=&#8221;#FFFFFF&#8221; custom_margin=&#8221;-20px||||false|false&#8221; custom_padding=&#8221;0px||||false|false&#8221; global_colors_info=&#8221;{}&#8221;]<\/p>\n<p><span>Misioni yn\u00eb \u00ebsht\u00eb q\u00eb t\u00eb sjellim sa m\u00eb afer jush veshje sportive t\u00eb kualitetit t\u00eb lart\u00eb, funksionale dhe q\u00eb ndihmojn\u00eb\u00a0<\/span>\u00e7<span>do individ t\u00eb arrij\u00eb potencialin e tij m\u00eb t\u00eb lart\u00eb.<\/span><\/p>\n<p>[\/et_pb_text][\/et_pb_column][et_pb_column type=&#8221;1_2&#8243; specialty_columns=&#8221;2&#8243; _builder_version=&#8221;4.16&#8243; _module_preset=&#8221;default&#8221; custom_padding=&#8221;|||&#8221; global_colors_info=&#8221;{}&#8221; custom_padding__hover=&#8221;|||&#8221;][et_pb_row_inner column_structure=&#8221;1_3,1_3,1_3&#8243; _builder_version=&#8221;4.23.1&#8243; _module_preset=&#8221;default&#8221; custom_padding=&#8221;|0px||||&#8221; global_colors_info=&#8221;{}&#8221;][et_pb_column_inner type=&#8221;1_3&#8243; saved_specialty_column_type=&#8221;1_2&#8243; _builder_version=&#8221;4.20.0&#8243; _module_preset=&#8221;default&#8221; global_colors_info=&#8221;{}&#8221;][et_pb_text _builder_version=&#8221;4.23.1&#8243; _module_preset=&#8221;b8fb0c53-3403-4c93-910e-efa716a71b63&#8243; text_text_color=&#8221;#FFFFFF&#8221; link_text_color=&#8221;#FFFFFF&#8221; custom_margin=&#8221;||10px||false|false&#8221; link_option_url=&#8221;https:\/\/kwv.ljx.temporary.site\/kontakte\/&#8221; global_colors_info=&#8221;{}&#8221;]<\/p>\n<p>Kontakte<\/p>\n<p>[\/et_pb_text][et_pb_text _builder_version=&#8221;4.23.1&#8243; _module_preset=&#8221;b8fb0c53-3403-4c93-910e-efa716a71b63&#8243; text_text_color=&#8221;#FFFFFF&#8221; link_text_color=&#8221;#FFFFFF&#8221; custom_margin=&#8221;||10px||false|false&#8221; link_option_url=&#8221;https:\/\/kwv.ljx.temporary.site\/terms-conditions\/&#8221; global_colors_info=&#8221;{}&#8221;]<\/p>\n<p><a href=\"#\">Termat dhe Khushtet<\/a><\/p>\n<p>[\/et_pb_text][et_pb_text _builder_version=&#8221;4.23.1&#8243; _module_preset=&#8221;b8fb0c53-3403-4c93-910e-efa716a71b63&#8243; text_text_color=&#8221;#FFFFFF&#8221; link_text_color=&#8221;#FFFFFF&#8221; custom_margin=&#8221;||10px||false|false&#8221; link_option_url=&#8221;https:\/\/kwv.ljx.temporary.site\/politikat-nderrimit\/&#8221; global_colors_info=&#8221;{}&#8221;]<\/p>\n<p>Politikat Nderrimit<\/p>\n<p>[\/et_pb_text][et_pb_text _builder_version=&#8221;4.23.1&#8243; _module_preset=&#8221;b8fb0c53-3403-4c93-910e-efa716a71b63&#8243; text_text_color=&#8221;#FFFFFF&#8221; link_text_color=&#8221;#FFFFFF&#8221; custom_margin=&#8221;||10px||false|false&#8221; link_option_url=&#8221;https:\/\/kwv.ljx.temporary.site\/rreth-nesh\/&#8221; global_colors_info=&#8221;{}&#8221;]<\/p>\n<p>Preth Nesh<\/p>\n<p>[\/et_pb_text][\/et_pb_column_inner][et_pb_column_inner type=&#8221;1_3&#8243; saved_specialty_column_type=&#8221;1_2&#8243; _builder_version=&#8221;4.22.2&#8243; _module_preset=&#8221;default&#8221; global_colors_info=&#8221;{}&#8221;][et_pb_social_media_follow _builder_version=&#8221;4.22.2&#8243; _module_preset=&#8221;default&#8221; custom_padding=&#8221;|||0px||&#8221; global_colors_info=&#8221;{}&#8221;][et_pb_social_media_follow_network social_network=&#8221;instagram&#8221; url=&#8221;https:\/\/www.instagram.com\/sportswear.albania\/&#8221; _builder_version=&#8221;4.22.2&#8243; _module_preset=&#8221;default&#8221; global_colors_info=&#8221;{}&#8221; follow_button=&#8221;off&#8221; url_new_window=&#8221;on&#8221;]instagram[\/et_pb_social_media_follow_network][et_pb_social_media_follow_network social_network=&#8221;tiktok&#8221; url=&#8221;https:\/\/www.tiktok.com\/@sportswear.albania?_t=8gyZHw3Fo4A&#038;_r=1&#8243; _builder_version=&#8221;4.22.2&#8243; _module_preset=&#8221;default&#8221; background_color=&#8221;#000000&#8243; background_enable_color=&#8221;on&#8221; global_colors_info=&#8221;{}&#8221; follow_button=&#8221;off&#8221; url_new_window=&#8221;on&#8221;]tiktok[\/et_pb_social_media_follow_network][\/et_pb_social_media_follow][\/et_pb_column_inner][et_pb_column_inner type=&#8221;1_3&#8243; _builder_version=&#8221;4.23.1&#8243; _module_preset=&#8221;default&#8221; global_colors_info=&#8221;{}&#8221;][\/et_pb_column_inner][\/et_pb_row_inner][\/et_pb_column][\/et_pb_section]<\/p>\n","protected":false},"excerpt":{"rendered":"<p>NA KONTAKTONINE JEMI KETU PER JUSportsWear AlbaniaMisioni yn\u00eb \u00ebsht\u00eb q\u00eb t\u00eb sjellim sa m\u00eb afer jush veshje sportive t\u00eb kualitetit t\u00eb lart\u00eb, funksionale dhe q\u00eb ndihmojn\u00eb\u00a0\u00e7do individ t\u00eb arrij\u00eb potencialin e tij m\u00eb t\u00eb lart\u00eb.KontakteTermat dhe KhushtetPolitikat NderrimitPreth Nesh<\/p>","protected":false},"author":1,"featured_media":0,"parent":0,"menu_order":0,"comment_status":"closed","ping_status":"closed","template":"","meta":{"_et_pb_use_builder":"on","_et_pb_old_content":"","_et_gb_content_width":"","footnotes":""},"class_list":["post-24","page","type-page","status-publish","hentry"],"_links":{"self":[{"href":"https:\/\/kwv.ljx.temporary.site\/en\/wp-json\/wp\/v2\/pages\/24","targetHints":{"allow":["GET"]}}],"collection":[{"href":"https:\/\/kwv.ljx.temporary.site\/en\/wp-json\/wp\/v2\/pages"}],"about":[{"href":"https:\/\/kwv.ljx.temporary.site\/en\/wp-json\/wp\/v2\/types\/page"}],"author":[{"embeddable":true,"href":"https:\/\/kwv.ljx.temporary.site\/en\/wp-json\/wp\/v2\/users\/1"}],"replies":[{"embeddable":true,"href":"https:\/\/kwv.ljx.temporary.site\/en\/wp-json\/wp\/v2\/comments?post=24"}],"version-history":[{"count":0,"href":"https:\/\/kwv.ljx.temporary.site\/en\/wp-json\/wp\/v2\/pages\/24\/revisions"}],"wp:attachment":[{"href":"https:\/\/kwv.ljx.temporary.site\/en\/wp-json\/wp\/v2\/media?parent=24"}],"curies":[{"name":"wp","href":"https:\/\/api.w.org\/{rel}","templated":true}]}}