{"id":20,"date":"2023-09-18T21:40:23","date_gmt":"2023-09-18T20:40:23","guid":{"rendered":"https:\/\/sportswearalbania.com\/?page_id=20"},"modified":"2023-10-25T18:29:57","modified_gmt":"2023-10-25T17:29:57","slug":"kreu","status":"publish","type":"page","link":"https:\/\/kwv.ljx.temporary.site\/en\/kreu\/","title":{"rendered":"Home"},"content":{"rendered":"\n[et_pb_section fb_built=&#8221;1&#8243; disabled_on=&#8221;off|off|on&#8221; module_class=&#8221;pa-open-mobile-menu&#8221; _builder_version=&#8221;4.16&#8243; _module_preset=&#8221;default&#8221; background_color=&#8221;#d72e78&#8243; custom_padding=&#8221;1px||2px||false|false&#8221; sticky_position=&#8221;top&#8221; saved_tabs=&#8221;all&#8221; global_colors_info=&#8221;{}&#8221;][et_pb_row _builder_version=&#8221;4.16&#8243; _module_preset=&#8221;default&#8221; custom_padding=&#8221;3px||14px|||&#8221; global_colors_info=&#8221;{}&#8221;][et_pb_column type=&#8221;4_4&#8243; _builder_version=&#8221;4.16&#8243; _module_preset=&#8221;default&#8221; global_colors_info=&#8221;{}&#8221;][et_pb_menu menu_id=&#8221;76&#8243; menu_style=&#8221;centered&#8221; active_link_color=&#8221;#FFFFFF&#8221; show_cart_icon=&#8221;on&#8221; cart_icon_color=&#8221;#FFFFFF&#8221; search_icon_color=&#8221;#FFFFFF&#8221; _builder_version=&#8221;4.16&#8243; _module_preset=&#8221;default&#8221; menu_font=&#8221;Alegreya Sans|700||on|||||&#8221; menu_text_color=&#8221;#FFFFFF&#8221; menu_font_size=&#8221;20px&#8221; background_color=&#8221;#d72e78&#8243; custom_margin=&#8221;||-10px|||&#8221; global_colors_info=&#8221;{}&#8221;][\/et_pb_menu][\/et_pb_column][\/et_pb_row][\/et_pb_section][et_pb_section fb_built=&#8221;1&#8243; disabled_on=&#8221;on|off|on&#8221; _builder_version=&#8221;4.10.7&#8243; _module_preset=&#8221;default&#8221; positioning=&#8221;fixed&#8221; vertical_offset_tablet=&#8221;213px&#8221; vertical_offset_phone=&#8221;&#8221; vertical_offset_last_edited=&#8221;on|tablet&#8221; horizontal_offset_tablet=&#8221;-15px&#8221; horizontal_offset_phone=&#8221;&#8221; horizontal_offset_last_edited=&#8221;on|tablet&#8221; custom_padding=&#8221;0px||8px|||&#8221; sticky_position=&#8221;top&#8221; global_module=&#8221;3134&#8243; saved_tabs=&#8221;all&#8221; global_colors_info=&#8221;{}&#8221;][\/et_pb_section][et_pb_section fb_built=&#8221;1&#8243; _builder_version=&#8221;4.16&#8243; _module_preset=&#8221;default&#8221; custom_padding=&#8221;3px||7px|||&#8221; global_colors_info=&#8221;{}&#8221;][\/et_pb_section][et_pb_section fb_built=&#8221;1&#8243; _builder_version=&#8221;4.16&#8243; custom_margin=&#8221;||||false|false&#8221; custom_padding=&#8221;6px||35px||false|false&#8221; global_colors_info=&#8221;{}&#8221;][et_pb_row column_structure=&#8221;2_5,3_5&#8243; _builder_version=&#8221;4.22.2&#8243; custom_margin=&#8221;-9px|auto|18px|auto||&#8221; custom_padding=&#8221;16px|0px|0px|0px|false|false&#8221; hover_enabled=&#8221;0&#8243; global_colors_info=&#8221;{}&#8221; sticky_enabled=&#8221;0&#8243;][et_pb_column type=&#8221;2_5&#8243; _builder_version=&#8221;4.16&#8243; custom_padding=&#8221;|||&#8221; global_colors_info=&#8221;{}&#8221; custom_padding__hover=&#8221;|||&#8221;][et_pb_image src=&#8221;https:\/\/kwv.ljx.temporary.site\/wp-content\/uploads\/2023\/10\/fit-blond-woman-with-perfect-smile-in-stylish-sportswear-looking-at-camera-and-holding-bottle-of-water-over-white-wall-demonstrate-muscles-2.png&#8221; title_text=&#8221;fit-blond-woman-with-perfect-smile-in-stylish-sportswear-looking-at-camera-and-holding-bottle-of-water-over-white-wall-demonstrate-muscles 2&#8243; align_tablet=&#8221;center&#8221; align_phone=&#8221;&#8221; align_last_edited=&#8221;on|desktop&#8221; _builder_version=&#8221;4.22.2&#8243; max_width=&#8221;90%&#8221; module_alignment=&#8221;center&#8221; hover_enabled=&#8221;0&#8243; box_shadow_style=&#8221;preset3&#8243; box_shadow_color=&#8221;RGBA(255,255,255,0)&#8221; global_colors_info=&#8221;{}&#8221; border_color_all=&#8221;RGBA(255,255,255,0)&#8221; sticky_enabled=&#8221;0&#8243; transform_scale=&#8221;102%|102%&#8221; box_shadow_vertical=&#8221;15px&#8221; border_radii=&#8221;on|12px|12px|12px|12px&#8221;][\/et_pb_image][\/et_pb_column][et_pb_column type=&#8221;3_5&#8243; _builder_version=&#8221;4.22.2&#8243; custom_padding=&#8221;|||&#8221; hover_enabled=&#8221;0&#8243; global_colors_info=&#8221;{}&#8221; custom_padding__hover=&#8221;|||&#8221; sticky_enabled=&#8221;0&#8243;][et_pb_text _builder_version=&#8221;4.22.2&#8243; text_font=&#8221;|||on|||||&#8221; custom_margin=&#8221;||2px|||&#8221; custom_padding=&#8221;1px||0px|||&#8221; hover_enabled=&#8221;0&#8243; global_colors_info=&#8221;{}&#8221; sticky_enabled=&#8221;0&#8243;]<h2 style=\"text-align: left;\"><strong>Rreth nesh<\/strong><\/h2>[\/et_pb_text][et_pb_divider color=&#8221;#c03ca2&#8243; divider_weight=&#8221;3px&#8221; _builder_version=&#8221;4.16&#8243; max_width=&#8221;34%&#8221; custom_margin=&#8221;5px||&#8221; global_colors_info=&#8221;{}&#8221;][\/et_pb_divider][et_pb_text _builder_version=&#8221;4.16&#8243; text_font=&#8221;||||||||&#8221; text_font_size=&#8221;16px&#8221; custom_margin=&#8221;0px||&#8221; custom_padding=&#8221;|50px||&#8221; global_colors_info=&#8221;{}&#8221; inline_fonts=&#8221;Poppins&#8221;]<p style=\"text-align: justify;\"><span style=\"font-family: Poppins; font-weight: normal;\">Kompania jon\u00eb \u00ebsht\u00eb krijuar n\u00eb vitin 2020 nxitur nga pasioni p\u00ebr sportet dhe me d\u00ebshir\u00ebn m\u00eb t\u00eb madhe p\u00ebr t\u00eb par\u00eb \u00e7dok\u00ebnd q\u00eb i praktikon, veshur me stil!<\/span><\/p>\n<p style=\"text-align: justify;\"><span style=\"font-family: Poppins; font-weight: normal;\">Misioni yn\u00eb \u00ebsht\u00eb q\u00eb t\u00eb sjellim sa m\u00eb afer jush veshje sportive t\u00eb kualitetit t\u00eb lart\u00eb, funksionale dhe q\u00eb ndihmojn\u00eb \u00e7do individ t\u00eb arrij\u00eb potencialin e tyre m\u00eb t\u00eb lart\u00eb.<\/span><\/p>\n<p style=\"text-align: justify;\"><span style=\"font-family: Poppins; font-weight: normal;\">Materialet tona jan\u00eb zgjedhur me kujdes n\u00eb m\u00ebnyr\u00eb q\u00eb t\u00eb p\u00ebrshtaten sa m\u00eb mir\u00eb n\u00eb p\u00ebrditshm\u00ebrine tuaj, qoft\u00eb kjo nj\u00eb ecje n\u00eb natyr\u00eb, palest\u00ebr, apo praktikimin e sportit tuaj t\u00eb preferuar duke iu ndihmuar t\u00eb ndiheni komode.<\/span><\/p>\n<p style=\"text-align: justify;\"><span style=\"font-family: Poppins; font-weight: normal;\">Bashkohuni me ne n\u00eb k\u00ebt\u00eb rrug\u00ebtim t\u00eb bukur.<\/span><\/p>\n<p style=\"text-align: justify;\"><span style=\"font-family: Poppins; font-weight: normal;\">Le t\u00eb frym\u00ebzojm\u00eb sa m\u00eb shum\u00eb njer\u00ebz p\u00ebr nj\u00eb jet\u00eb t\u00eb sh\u00ebndetshme dhe plot ngjyra me veshjet e Sportswear Albania.<\/span><\/p>[\/et_pb_text][\/et_pb_column][\/et_pb_row][\/et_pb_section][et_pb_section fb_built=&#8221;1&#8243; disabled_on=&#8221;off|off|off&#8221; _builder_version=&#8221;4.16&#8243; background_image=&#8221;https:\/\/kwv.ljx.temporary.site\/wp-content\/uploads\/2023\/02\/footerr.jpg&#8221; parallax=&#8221;on&#8221; custom_padding=&#8221;38px||50px|||&#8221; global_colors_info=&#8221;{}&#8221;][et_pb_row column_structure=&#8221;1_3,1_3,1_3&#8243; _builder_version=&#8221;4.16&#8243; custom_padding=&#8221;9px||7px|||&#8221; global_colors_info=&#8221;{}&#8221;][et_pb_column type=&#8221;1_3&#8243; _builder_version=&#8221;4.16&#8243; custom_padding=&#8221;|||&#8221; global_colors_info=&#8221;{}&#8221; custom_padding__hover=&#8221;|||&#8221;][et_pb_image src=&#8221;https:\/\/kwv.ljx.temporary.site\/wp-content\/uploads\/2023\/09\/cropped-sports.jpeg&#8221; title_text=&#8221;logo-bardhe&#8221; align=&#8221;center&#8221; align_tablet=&#8221;center&#8221; align_phone=&#8221;&#8221; align_last_edited=&#8221;on|desktop&#8221; _builder_version=&#8221;4.16&#8243; max_width=&#8221;63%&#8221; custom_margin=&#8221;34px||||false|false&#8221; border_radii=&#8221;on|100px|100px|100px|100px&#8221; global_colors_info=&#8221;{}&#8221;][\/et_pb_image][\/et_pb_column][et_pb_column type=&#8221;1_3&#8243; _builder_version=&#8221;4.16&#8243; custom_padding=&#8221;|||&#8221; global_colors_info=&#8221;{}&#8221; custom_padding__hover=&#8221;|||&#8221;][et_pb_text _builder_version=&#8221;4.16&#8243; text_font=&#8221;Cantora One||||||||&#8221; header_2_font=&#8221;Cantora One|700|||||||&#8221; header_2_text_color=&#8221;#ffffff&#8221; header_3_font=&#8221;Cantora One|700|||||||&#8221; header_3_text_color=&#8221;#ffffff&#8221; header_3_text_shadow_style=&#8221;preset2&#8243; global_colors_info=&#8221;{}&#8221;]<h2 style=\"text-align: center;\"><strong>Sportswear Albania<\/strong><\/h2>[\/et_pb_text][et_pb_button button_url=&#8221;https:\/\/kwv.ljx.temporary.site\/terms-conditions\/&#8221; url_new_window=&#8221;on&#8221; button_text=&#8221;Termat dhe Kushtet&#8221; button_alignment=&#8221;center&#8221; _builder_version=&#8221;4.16&#8243; _module_preset=&#8221;default&#8221; custom_button=&#8221;on&#8221; button_text_color=&#8221;#f7d5d3&#8243; button_bg_color=&#8221;#f7d5d3&#8243; button_border_width=&#8221;0px&#8221; button_font=&#8221;Alegreya Sans|700|||||||&#8221; global_colors_info=&#8221;{}&#8221;][\/et_pb_button][et_pb_divider color=&#8221;#FFFFFF&#8221; divider_weight=&#8221;2px&#8221; _builder_version=&#8221;4.16&#8243; module_alignment=&#8221;center&#8221; custom_margin=&#8221;0px||0px||false|false&#8221; custom_padding=&#8221;0px||20px||false|false&#8221; global_colors_info=&#8221;{}&#8221;][\/et_pb_divider][et_pb_button button_url=&#8221;https:\/\/kwv.ljx.temporary.site\/politikat-nderrimit\/&#8221; url_new_window=&#8221;on&#8221; button_text=&#8221;Politikat e Nderrimit&#8221; button_alignment=&#8221;center&#8221; _builder_version=&#8221;4.16&#8243; _module_preset=&#8221;default&#8221; custom_button=&#8221;on&#8221; button_text_color=&#8221;#f7d5d3&#8243; button_bg_color=&#8221;#f7d5d3&#8243; button_border_width=&#8221;0px&#8221; button_font=&#8221;Alegreya Sans|700|||||||&#8221; global_colors_info=&#8221;{}&#8221;][\/et_pb_button][\/et_pb_column][et_pb_column type=&#8221;1_3&#8243; _builder_version=&#8221;4.16&#8243; custom_padding=&#8221;|||&#8221; global_colors_info=&#8221;{}&#8221; custom_padding__hover=&#8221;|||&#8221;][et_pb_text _builder_version=&#8221;4.16&#8243; text_font=&#8221;Cantora One||||||||&#8221; header_2_font=&#8221;Cantora One|700|||||||&#8221; header_2_text_color=&#8221;#FFFFFF&#8221; header_3_font=&#8221;Cantora One|700|||||||&#8221; header_3_text_color=&#8221;#FFFFFF&#8221; custom_margin=&#8221;30px||||false|false&#8221; header_3_text_shadow_style=&#8221;preset2&#8243; global_colors_info=&#8221;{}&#8221;]<h3 style=\"text-align: center;\">What We Offer<\/h3>[\/et_pb_text][et_pb_text _builder_version=&#8221;4.16&#8243; text_font=&#8221;Cantora One||||||||&#8221; text_text_color=&#8221;#f7d5d3&#8243; text_font_size=&#8221;16px&#8221; global_colors_info=&#8221;{}&#8221;]<p style=\"text-align: center;\"><strong>\u201cLEGGINGS\u201d<\/strong><\/p>\n<p style=\"text-align: center;\"><strong>\u201cSETS\u201d<\/strong><\/p>\n<p style=\"text-align: center;\">\u00a0<strong>\u201cTOPS\u201d<\/strong><\/p>\n<p style=\"text-align: center;\"><strong>\u201cJUMPSUITS&#8221;<\/strong><\/p>[\/et_pb_text][\/et_pb_column][\/et_pb_row][\/et_pb_section]\n","protected":false},"excerpt":{"rendered":"<p>Rreth neshKompania jon\u00eb \u00ebsht\u00eb krijuar n\u00eb vitin 2020 nxitur nga pasioni p\u00ebr sportet dhe me d\u00ebshir\u00ebn m\u00eb t\u00eb madhe p\u00ebr t\u00eb par\u00eb \u00e7dok\u00ebnd q\u00eb i praktikon, veshur me stil! Misioni yn\u00eb \u00ebsht\u00eb q\u00eb t\u00eb sjellim sa m\u00eb afer jush veshje sportive t\u00eb kualitetit t\u00eb lart\u00eb, funksionale dhe q\u00eb ndihmojn\u00eb \u00e7do individ t\u00eb arrij\u00eb potencialin e [&hellip;]<\/p>\n","protected":false},"author":1,"featured_media":0,"parent":0,"menu_order":0,"comment_status":"closed","ping_status":"closed","template":"","meta":{"_et_pb_use_builder":"on","_et_pb_old_content":"","_et_gb_content_width":"","footnotes":""},"class_list":["post-20","page","type-page","status-publish","hentry"],"_links":{"self":[{"href":"https:\/\/kwv.ljx.temporary.site\/en\/wp-json\/wp\/v2\/pages\/20","targetHints":{"allow":["GET"]}}],"collection":[{"href":"https:\/\/kwv.ljx.temporary.site\/en\/wp-json\/wp\/v2\/pages"}],"about":[{"href":"https:\/\/kwv.ljx.temporary.site\/en\/wp-json\/wp\/v2\/types\/page"}],"author":[{"embeddable":true,"href":"https:\/\/kwv.ljx.temporary.site\/en\/wp-json\/wp\/v2\/users\/1"}],"replies":[{"embeddable":true,"href":"https:\/\/kwv.ljx.temporary.site\/en\/wp-json\/wp\/v2\/comments?post=20"}],"version-history":[{"count":0,"href":"https:\/\/kwv.ljx.temporary.site\/en\/wp-json\/wp\/v2\/pages\/20\/revisions"}],"wp:attachment":[{"href":"https:\/\/kwv.ljx.temporary.site\/en\/wp-json\/wp\/v2\/media?parent=20"}],"curies":[{"name":"wp","href":"https:\/\/api.w.org\/{rel}","templated":true}]}}