{"id":18,"date":"2023-09-18T21:40:11","date_gmt":"2023-09-18T20:40:11","guid":{"rendered":"https:\/\/sportswearalbania.com\/?page_id=18"},"modified":"2023-12-16T21:40:46","modified_gmt":"2023-12-16T20:40:46","slug":"rreth-nesh","status":"publish","type":"page","link":"https:\/\/kwv.ljx.temporary.site\/en\/rreth-nesh\/","title":{"rendered":"About Us"},"content":{"rendered":"<p>[et_pb_section fb_built=&#8221;1&#8243; disabled_on=&#8221;on|off|off&#8221; _builder_version=&#8221;4.22.2&#8243; _module_preset=&#8221;default&#8221; background_image=&#8221;https:\/\/kwv.ljx.temporary.site\/wp-content\/uploads\/2023\/10\/portrait-of-young-sportive-girl-training-with-dumbbells-isolated-over-blue-background-in-neon-scaled.jpg&#8221; parallax=&#8221;on&#8221; parallax_method=&#8221;off&#8221; custom_margin=&#8221;3px||||false|false&#8221; custom_padding=&#8221;170px||166px||false|false&#8221; global_colors_info=&#8221;{}&#8221;][et_pb_row column_structure=&#8221;3_5,2_5&#8243; use_custom_gutter=&#8221;on&#8221; gutter_width=&#8221;4&#8243; _builder_version=&#8221;4.16&#8243; _module_preset=&#8221;default&#8221; width=&#8221;100%&#8221; max_width=&#8221;2560px&#8221; custom_padding=&#8221;|40px||40px|false|false&#8221; global_colors_info=&#8221;{}&#8221;][et_pb_column type=&#8221;3_5&#8243; _builder_version=&#8221;4.16&#8243; _module_preset=&#8221;default&#8221; global_colors_info=&#8221;{}&#8221;][et_pb_text _builder_version=&#8221;4.16&#8243; text_font=&#8221;|||on|||||&#8221; text_text_color=&#8221;#FFFFFF&#8221; header_font=&#8221;Alegreya Sans|700|||||||&#8221; header_text_align=&#8221;left&#8221; header_text_color=&#8221;#d72e78&#8243; header_font_size=&#8221;39px&#8221; header_2_font=&#8221;Alegreya Sans|700|||||||&#8221; header_2_text_color=&#8221;#d72e78&#8243; header_2_font_size=&#8221;35px&#8221; module_alignment=&#8221;center&#8221; custom_margin=&#8221;||2px||false|false&#8221; custom_padding=&#8221;|50px|0px|50px|false|false&#8221; inline_fonts=&#8221;Poppins&#8221; global_colors_info=&#8221;{}&#8221;]<\/p>\n<blockquote>\n<h2 style=\"text-align: left;\"><span style=\"font-family: Poppins; font-weight: normal; color: #ffffff;\"><strong>Sportswear Albania<\/strong><\/span><\/h2>\n<h2 style=\"text-align: left;\"><span style=\"font-family: Poppins; font-weight: normal; color: #ffffff;\"><strong> Empowering your fitness journey<\/strong><\/span><\/h2>\n<\/blockquote>\n<p>[\/et_pb_text][\/et_pb_column][et_pb_column type=&#8221;2_5&#8243; _builder_version=&#8221;4.16&#8243; _module_preset=&#8221;default&#8221; global_colors_info=&#8221;{}&#8221;][\/et_pb_column][\/et_pb_row][\/et_pb_section][et_pb_section fb_built=&#8221;1&#8243; _builder_version=&#8221;4.16&#8243; custom_margin=&#8221;18px|||||&#8221; custom_padding=&#8221;2px||35px|||&#8221; global_colors_info=&#8221;{}&#8221;][et_pb_row column_structure=&#8221;2_5,3_5&#8243; _builder_version=&#8221;4.22.2&#8243; custom_margin=&#8221;-9px|auto|18px|auto||&#8221; custom_padding=&#8221;27px|0px|0px|0px|false|false&#8221; global_colors_info=&#8221;{}&#8221;][et_pb_column type=&#8221;2_5&#8243; _builder_version=&#8221;4.16&#8243; custom_padding=&#8221;|||&#8221; global_colors_info=&#8221;{}&#8221; custom_padding__hover=&#8221;|||&#8221;][et_pb_image src=&#8221;https:\/\/kwv.ljx.temporary.site\/wp-content\/uploads\/2023\/11\/Foto-Web-6.jpeg&#8221; title_text=&#8221;Foto Web 6&#8243; _builder_version=&#8221;4.22.2&#8243; _module_preset=&#8221;default&#8221; border_radii=&#8221;off|135px||135px|135px&#8221; global_colors_info=&#8221;{}&#8221;][\/et_pb_image][\/et_pb_column][et_pb_column type=&#8221;3_5&#8243; _builder_version=&#8221;4.16&#8243; custom_padding=&#8221;|||&#8221; global_colors_info=&#8221;{}&#8221; custom_padding__hover=&#8221;|||&#8221;][et_pb_text _builder_version=&#8221;4.22.2&#8243; text_font=&#8221;Poppins|300||on|||||&#8221; header_font=&#8221;Poppins|300|||||||&#8221; header_2_font=&#8221;Poppins|300|||||||&#8221; header_2_font_size=&#8221;27px&#8221; custom_margin=&#8221;||2px|||&#8221; custom_padding=&#8221;||0px&#8221; global_colors_info=&#8221;{}&#8221;]<\/p>\n<h2 style=\"text-align: left;\">Rreth nesh<\/h2>\n<p>[\/et_pb_text][et_pb_divider color=&#8221;#000000&#8243; divider_weight=&#8221;1px&#8221; _builder_version=&#8221;4.23.1&#8243; max_width=&#8221;34%&#8221; custom_margin=&#8221;5px||&#8221; hover_enabled=&#8221;0&#8243; global_colors_info=&#8221;{}&#8221; sticky_enabled=&#8221;0&#8243;][\/et_pb_divider][et_pb_text _builder_version=&#8221;4.22.2&#8243; text_font=&#8221;Poppins||||||||&#8221; text_text_color=&#8221;#474747&#8243; text_font_size=&#8221;16px&#8221; custom_margin=&#8221;0px||&#8221; custom_padding=&#8221;|50px||&#8221; inline_fonts=&#8221;Poppins&#8221; global_colors_info=&#8221;{}&#8221;]<\/p>\n<p style=\"text-align: justify;\"><span style=\"font-family: Poppins;\">Kompania jon\u00eb \u00ebsht\u00eb krijuar n\u00eb vitin 2020 nxitur nga pasioni p\u00ebr sportet dhe me d\u00ebshir\u00ebn m\u00eb t\u00eb madhe p\u00ebr t\u00eb par\u00eb \u00e7dok\u00ebnd q\u00eb i praktikon, veshur me stil!<\/span><\/p>\n<p style=\"text-align: justify;\"><span style=\"font-family: Poppins;\">Misioni yn\u00eb \u00ebsht\u00eb q\u00eb t\u00eb sjellim sa m\u00eb afer jush veshje sportive t\u00eb kualitetit t\u00eb lart\u00eb, funksionale dhe q\u00eb ndihmojn\u00eb \u00e7do individ t\u00eb arrij\u00eb potencialin e tyre m\u00eb t\u00eb lart\u00eb.<\/span><\/p>\n<p style=\"text-align: justify;\"><span style=\"font-family: Poppins;\">Materialet tona jan\u00eb zgjedhur me kujdes n\u00eb m\u00ebnyr\u00eb q\u00eb t\u00eb p\u00ebrshtaten sa m\u00eb mir\u00eb n\u00eb p\u00ebrditshm\u00ebrine tuaj, qoft\u00eb kjo nj\u00eb ecje n\u00eb natyr\u00eb, palest\u00ebr, apo praktikimin e sportit tuaj t\u00eb preferuar duke iu ndihmuar t\u00eb ndiheni komode.<\/span><\/p>\n<p style=\"text-align: justify;\"><span style=\"font-family: Poppins;\">Bashkohuni me ne n\u00eb k\u00ebt\u00eb rrug\u00ebtim t\u00eb bukur.<\/span><\/p>\n<p style=\"text-align: justify;\"><span style=\"font-family: Poppins;\">Le t\u00eb frym\u00ebzojm\u00eb sa m\u00eb shum\u00eb njer\u00ebz p\u00ebr nj\u00eb jet\u00eb t\u00eb sh\u00ebndetshme dhe plot ngjyra me veshjet e Sportswear Albania.<\/span><\/p>\n<p>[\/et_pb_text][\/et_pb_column][\/et_pb_row][\/et_pb_section][et_pb_section fb_built=&#8221;1&#8243; specialty=&#8221;on&#8221; admin_label=&#8221;Footer&#8221; _builder_version=&#8221;4.22.2&#8243; _module_preset=&#8221;default&#8221; background_color=&#8221;#000000&#8243; custom_margin=&#8221;0px||||false|false&#8221; custom_padding=&#8221;||0px||false|false&#8221; border_radii=&#8221;off|12px|12px||&#8221; saved_tabs=&#8221;all&#8221; collapsed=&#8221;on&#8221; global_colors_info=&#8221;{}&#8221;][et_pb_column type=&#8221;1_2&#8243; _builder_version=&#8221;4.16&#8243; _module_preset=&#8221;default&#8221; custom_padding=&#8221;|||&#8221; global_colors_info=&#8221;{}&#8221; custom_padding__hover=&#8221;|||&#8221;][et_pb_text _builder_version=&#8221;4.22.2&#8243; _module_preset=&#8221;c86d33f5-7179-4198-bcd7-76386cf42ab5&#8243; text_font=&#8221;Poppins|300|||||||&#8221; text_font_size=&#8221;16px&#8221; header_font_size=&#8221;24px&#8221; header_3_font=&#8221;Poppins|300|||||||&#8221; header_3_text_color=&#8221;#FFFFFF&#8221; width=&#8221;100%&#8221; custom_margin=&#8221;0px||||false|false&#8221; custom_padding=&#8221;0px||||false|false&#8221; custom_padding_tablet=&#8221;20px||||false|false&#8221; custom_padding_phone=&#8221;20px||||false|false&#8221; custom_padding_last_edited=&#8221;on|desktop&#8221; header_3_font_size_phone=&#8221;18px&#8221; global_colors_info=&#8221;{}&#8221;]<\/p>\n<h3>SportsWear Albania<\/h3>\n<p>[\/et_pb_text][et_pb_text _builder_version=&#8221;4.22.2&#8243; _module_preset=&#8221;b8fb0c53-3403-4c93-910e-efa716a71b63&#8243; text_font=&#8221;Poppins|300|||||||&#8221; text_text_color=&#8221;#FFFFFF&#8221; custom_margin=&#8221;-20px||||false|false&#8221; custom_padding=&#8221;0px||||false|false&#8221; global_colors_info=&#8221;{}&#8221;]<\/p>\n<p><span>Misioni yn\u00eb \u00ebsht\u00eb q\u00eb t\u00eb sjellim sa m\u00eb afer jush veshje sportive t\u00eb kualitetit t\u00eb lart\u00eb, funksionale dhe q\u00eb ndihmojn\u00eb\u00a0<\/span>\u00e7<span>do individ t\u00eb arrij\u00eb potencialin e tij m\u00eb t\u00eb lart\u00eb.<\/span><\/p>\n<p>[\/et_pb_text][\/et_pb_column][et_pb_column type=&#8221;1_2&#8243; specialty_columns=&#8221;2&#8243; _builder_version=&#8221;4.16&#8243; _module_preset=&#8221;default&#8221; custom_padding=&#8221;|||&#8221; global_colors_info=&#8221;{}&#8221; custom_padding__hover=&#8221;|||&#8221;][et_pb_row_inner column_structure=&#8221;1_3,1_3,1_3&#8243; _builder_version=&#8221;4.23.1&#8243; _module_preset=&#8221;default&#8221; custom_padding=&#8221;|0px||||&#8221; global_colors_info=&#8221;{}&#8221;][et_pb_column_inner type=&#8221;1_3&#8243; saved_specialty_column_type=&#8221;1_2&#8243; _builder_version=&#8221;4.20.0&#8243; _module_preset=&#8221;default&#8221; global_colors_info=&#8221;{}&#8221;][et_pb_text _builder_version=&#8221;4.23.1&#8243; _module_preset=&#8221;b8fb0c53-3403-4c93-910e-efa716a71b63&#8243; text_text_color=&#8221;#FFFFFF&#8221; link_text_color=&#8221;#FFFFFF&#8221; custom_margin=&#8221;||10px||false|false&#8221; link_option_url=&#8221;https:\/\/kwv.ljx.temporary.site\/kontakte\/&#8221; global_colors_info=&#8221;{}&#8221;]<\/p>\n<p>Kontakte<\/p>\n<p>[\/et_pb_text][et_pb_text _builder_version=&#8221;4.23.1&#8243; _module_preset=&#8221;b8fb0c53-3403-4c93-910e-efa716a71b63&#8243; text_text_color=&#8221;#FFFFFF&#8221; link_text_color=&#8221;#FFFFFF&#8221; custom_margin=&#8221;||10px||false|false&#8221; link_option_url=&#8221;https:\/\/kwv.ljx.temporary.site\/terms-conditions\/&#8221; hover_enabled=&#8221;0&#8243; global_colors_info=&#8221;{}&#8221; sticky_enabled=&#8221;0&#8243;]<\/p>\n<p><a href=\"#\">Termat dhe Kushtet<\/a><\/p>\n<p>[\/et_pb_text][et_pb_text _builder_version=&#8221;4.23.1&#8243; _module_preset=&#8221;b8fb0c53-3403-4c93-910e-efa716a71b63&#8243; text_text_color=&#8221;#FFFFFF&#8221; link_text_color=&#8221;#FFFFFF&#8221; custom_margin=&#8221;||10px||false|false&#8221; link_option_url=&#8221;https:\/\/kwv.ljx.temporary.site\/politikat-nderrimit\/&#8221; global_colors_info=&#8221;{}&#8221;]<\/p>\n<p>Politikat Nderrimit<\/p>\n<p>[\/et_pb_text][et_pb_text _builder_version=&#8221;4.23.1&#8243; _module_preset=&#8221;b8fb0c53-3403-4c93-910e-efa716a71b63&#8243; text_text_color=&#8221;#FFFFFF&#8221; link_text_color=&#8221;#FFFFFF&#8221; custom_margin=&#8221;||10px||false|false&#8221; link_option_url=&#8221;https:\/\/kwv.ljx.temporary.site\/rreth-nesh\/&#8221; global_colors_info=&#8221;{}&#8221;]<\/p>\n<p>Preth Nesh<\/p>\n<p>[\/et_pb_text][\/et_pb_column_inner][et_pb_column_inner type=&#8221;1_3&#8243; saved_specialty_column_type=&#8221;1_2&#8243; _builder_version=&#8221;4.22.2&#8243; _module_preset=&#8221;default&#8221; global_colors_info=&#8221;{}&#8221;][et_pb_social_media_follow _builder_version=&#8221;4.22.2&#8243; _module_preset=&#8221;default&#8221; custom_padding=&#8221;|||0px||&#8221; global_colors_info=&#8221;{}&#8221;][et_pb_social_media_follow_network social_network=&#8221;instagram&#8221; url=&#8221;https:\/\/www.instagram.com\/sportswear.albania\/&#8221; _builder_version=&#8221;4.22.2&#8243; _module_preset=&#8221;default&#8221; global_colors_info=&#8221;{}&#8221; follow_button=&#8221;off&#8221; url_new_window=&#8221;on&#8221;]instagram[\/et_pb_social_media_follow_network][et_pb_social_media_follow_network social_network=&#8221;tiktok&#8221; url=&#8221;https:\/\/www.tiktok.com\/@sportswear.albania?_t=8gyZHw3Fo4A&#038;_r=1&#8243; _builder_version=&#8221;4.22.2&#8243; _module_preset=&#8221;default&#8221; background_color=&#8221;#000000&#8243; background_enable_color=&#8221;on&#8221; global_colors_info=&#8221;{}&#8221; follow_button=&#8221;off&#8221; url_new_window=&#8221;on&#8221;]tiktok[\/et_pb_social_media_follow_network][\/et_pb_social_media_follow][\/et_pb_column_inner][et_pb_column_inner type=&#8221;1_3&#8243; _builder_version=&#8221;4.23.1&#8243; _module_preset=&#8221;default&#8221; global_colors_info=&#8221;{}&#8221;][\/et_pb_column_inner][\/et_pb_row_inner][\/et_pb_column][\/et_pb_section]<\/p>\n","protected":false},"excerpt":{"rendered":"<p>Sportswear Albania Empowering your fitness journey Rreth neshKompania jon\u00eb \u00ebsht\u00eb krijuar n\u00eb vitin 2020 nxitur nga pasioni p\u00ebr sportet dhe me d\u00ebshir\u00ebn m\u00eb t\u00eb madhe p\u00ebr t\u00eb par\u00eb \u00e7dok\u00ebnd q\u00eb i praktikon, veshur me stil! Misioni yn\u00eb \u00ebsht\u00eb q\u00eb t\u00eb sjellim sa m\u00eb afer jush veshje sportive t\u00eb kualitetit t\u00eb lart\u00eb, funksionale dhe q\u00eb ndihmojn\u00eb [&hellip;]<\/p>\n","protected":false},"author":1,"featured_media":0,"parent":0,"menu_order":0,"comment_status":"closed","ping_status":"closed","template":"","meta":{"_et_pb_use_builder":"on","_et_pb_old_content":"","_et_gb_content_width":"","footnotes":""},"class_list":["post-18","page","type-page","status-publish","hentry"],"_links":{"self":[{"href":"https:\/\/kwv.ljx.temporary.site\/en\/wp-json\/wp\/v2\/pages\/18","targetHints":{"allow":["GET"]}}],"collection":[{"href":"https:\/\/kwv.ljx.temporary.site\/en\/wp-json\/wp\/v2\/pages"}],"about":[{"href":"https:\/\/kwv.ljx.temporary.site\/en\/wp-json\/wp\/v2\/types\/page"}],"author":[{"embeddable":true,"href":"https:\/\/kwv.ljx.temporary.site\/en\/wp-json\/wp\/v2\/users\/1"}],"replies":[{"embeddable":true,"href":"https:\/\/kwv.ljx.temporary.site\/en\/wp-json\/wp\/v2\/comments?post=18"}],"version-history":[{"count":0,"href":"https:\/\/kwv.ljx.temporary.site\/en\/wp-json\/wp\/v2\/pages\/18\/revisions"}],"wp:attachment":[{"href":"https:\/\/kwv.ljx.temporary.site\/en\/wp-json\/wp\/v2\/media?parent=18"}],"curies":[{"name":"wp","href":"https:\/\/api.w.org\/{rel}","templated":true}]}}