{"id":15922,"date":"2023-10-20T17:15:02","date_gmt":"2023-10-20T16:15:02","guid":{"rendered":"https:\/\/sportswearalbania.com\/?page_id=15922"},"modified":"2024-05-14T03:11:42","modified_gmt":"2024-05-14T02:11:42","slug":"15922-2","status":"publish","type":"page","link":"https:\/\/kwv.ljx.temporary.site\/en\/","title":{"rendered":"Home Page Primary"},"content":{"rendered":"<p>[et_pb_section fb_built=&#8221;1&#8243; _builder_version=&#8221;4.23.1&#8243; _module_preset=&#8221;default&#8221; width=&#8221;100%&#8221; max_width=&#8221;100%&#8221; module_alignment=&#8221;center&#8221; min_height=&#8221;52px&#8221; custom_padding=&#8221;6px||1px|||&#8221; global_colors_info=&#8221;{}&#8221;][et_pb_row _builder_version=&#8221;4.23.1&#8243; _module_preset=&#8221;default&#8221; global_colors_info=&#8221;{}&#8221;][et_pb_column type=&#8221;4_4&#8243; _builder_version=&#8221;4.23.1&#8243; _module_preset=&#8221;default&#8221; global_colors_info=&#8221;{}&#8221;][et_pb_heading title=&#8221;FREE SHIPPING MBI 4500 LEKE&#8221; _builder_version=&#8221;4.23.1&#8243; _module_preset=&#8221;default&#8221; title_level=&#8221;h5&#8243; title_text_align=&#8221;center&#8221; title_text_color=&#8221;#FFFFFF&#8221; background_color=&#8221;gcid-a3412674-3498-4142-ac08-6afad8430048&#8243; transform_scale=&#8221;130%|130%&#8221; width=&#8221;100%&#8221; max_width=&#8221;100%&#8221; module_alignment=&#8221;center&#8221; min_height=&#8221;10px&#8221; height=&#8221;20px&#8221; max_height=&#8221;1000px&#8221; custom_margin=&#8221;||0px||false|false&#8221; custom_padding=&#8221;3px||||false|false&#8221; global_colors_info=&#8221;{%22gcid-a3412674-3498-4142-ac08-6afad8430048%22:%91%22background_color%22%93}&#8221;][\/et_pb_heading][\/et_pb_column][\/et_pb_row][\/et_pb_section][et_pb_section fb_built=&#8221;1&#8243; _builder_version=&#8221;4.23.1&#8243; _module_preset=&#8221;default&#8221; width=&#8221;100%&#8221; custom_margin_tablet=&#8221;&#8221; custom_margin_phone=&#8221;&#8221; custom_margin_last_edited=&#8221;on|phone&#8221; custom_padding=&#8221;0px||10px||false|false&#8221; global_colors_info=&#8221;{}&#8221;][et_pb_row make_equal=&#8221;on&#8221; _builder_version=&#8221;4.22.2&#8243; _module_preset=&#8221;default&#8221; background_image=&#8221;https:\/\/kwv.ljx.temporary.site\/wp-content\/uploads\/2023\/11\/Foto-Web-5-4-1.svg&#8221; width_tablet=&#8221;&#8221; width_phone=&#8221;96%&#8221; width_last_edited=&#8221;on|phone&#8221; max_width=&#8221;1070px&#8221; max_width_tablet=&#8221;1070px&#8221; max_width_phone=&#8221;1650%&#8221; max_width_last_edited=&#8221;on|phone&#8221; module_alignment=&#8221;center&#8221; min_height=&#8221;600px&#8221; min_height_tablet=&#8221;600px&#8221; min_height_phone=&#8221;354px&#8221; min_height_last_edited=&#8221;on|phone&#8221; height=&#8221;270px&#8221; max_height=&#8221;410px&#8221; custom_margin=&#8221;|auto|65px|-21px||&#8221; custom_padding=&#8221;||2px|||&#8221; filter_blur=&#8221;-5px&#8221; border_radii=&#8221;on|12px|12px|12px|12px&#8221; global_colors_info=&#8221;{}&#8221;][et_pb_column type=&#8221;4_4&#8243; _builder_version=&#8221;4.22.2&#8243; _module_preset=&#8221;default&#8221; global_colors_info=&#8221;{}&#8221;][et_pb_text _builder_version=&#8221;4.22.2&#8243; _module_preset=&#8221;default&#8221; text_font=&#8221;Poppins|200|||||||&#8221; text_font_size=&#8221;62px&#8221; background_layout=&#8221;dark&#8221; custom_margin=&#8221;160px|||30px|false|false&#8221; custom_margin_tablet=&#8221;80px|||30px|false|false&#8221; custom_margin_phone=&#8221;140px|||30px|false|false&#8221; custom_margin_last_edited=&#8221;on|phone&#8221; custom_padding=&#8221;0px||||false|false&#8221; text_font_size_tablet=&#8221;32px&#8221; text_font_size_phone=&#8221;32px&#8221; text_font_size_last_edited=&#8221;on|desktop&#8221; text_letter_spacing_tablet=&#8221;0px&#8221; text_letter_spacing_phone=&#8221;0px&#8221; text_letter_spacing_last_edited=&#8221;on|tablet&#8221; text_line_height_tablet=&#8221;&#8221; text_line_height_phone=&#8221;&#8221; text_line_height_last_edited=&#8221;on|desktop&#8221; global_colors_info=&#8221;{}&#8221;]<\/p>\n<p class=\"p1\">Sportswear Albania<span class=\"Apple-converted-space\">\u00a0<\/span><\/p>\n<p>[\/et_pb_text][et_pb_text _builder_version=&#8221;4.22.2&#8243; _module_preset=&#8221;default&#8221; text_font=&#8221;Poppins|300|||||||&#8221; text_font_size=&#8221;20px&#8221; text_line_height=&#8221;2.4em&#8221; background_layout=&#8221;dark&#8221; custom_margin=&#8221;-14px|||30px|false|false&#8221; custom_margin_tablet=&#8221;-26px|||30px|false|false&#8221; custom_margin_phone=&#8221;-14px||||false|false&#8221; custom_margin_last_edited=&#8221;on|tablet&#8221; text_font_size_tablet=&#8221;14px&#8221; text_font_size_phone=&#8221;14px&#8221; text_font_size_last_edited=&#8221;on|desktop&#8221; text_line_height_tablet=&#8221;2.4em&#8221; text_line_height_phone=&#8221;0.6em&#8221; text_line_height_last_edited=&#8221;on|desktop&#8221; global_colors_info=&#8221;{}&#8221;]<\/p>\n<p class=\"p1\">Empowering your fitness journey<\/p>\n<p>[\/et_pb_text][et_pb_button button_url=&#8221;https:\/\/kwv.ljx.temporary.site\/produkte\/&#8221; button_text=&#8221;Shop online&#8221; _builder_version=&#8221;4.22.2&#8243; _module_preset=&#8221;default&#8221; custom_button=&#8221;on&#8221; button_border_width=&#8221;0px&#8221; button_border_radius=&#8221;28px&#8221; button_font=&#8221;Poppins|300|||||||&#8221; button_use_icon=&#8221;off&#8221; background_layout=&#8221;dark&#8221; custom_margin=&#8221;|||30px|false|false&#8221; button_text_size_tablet=&#8221;&#8221; button_text_size_phone=&#8221;16px&#8221; button_text_size_last_edited=&#8221;on|phone&#8221; global_colors_info=&#8221;{}&#8221;][\/et_pb_button][\/et_pb_column][\/et_pb_row][et_pb_row column_structure=&#8221;1_4,1_4,1_4,1_4&#8243; _builder_version=&#8221;4.23.1&#8243; _module_preset=&#8221;default&#8221; width_tablet=&#8221;&#8221; width_phone=&#8221;94%&#8221; width_last_edited=&#8221;on|phone&#8221; custom_margin=&#8221;0px||||false|false&#8221; custom_padding=&#8221;0px||0px||false|false&#8221; global_colors_info=&#8221;{}&#8221;][et_pb_column type=&#8221;1_4&#8243; _builder_version=&#8221;4.22.2&#8243; _module_preset=&#8221;default&#8221; global_colors_info=&#8221;{}&#8221;][et_pb_image src=&#8221;https:\/\/kwv.ljx.temporary.site\/wp-content\/uploads\/2023\/11\/Power-Leggings-Black-3-1.png&#8221; title_text=&#8221;Power Leggings-Black 3 1&#8243; url=&#8221;https:\/\/kwv.ljx.temporary.site\/leggings\/&#8221; _builder_version=&#8221;4.22.2&#8243; _module_preset=&#8221;default&#8221; border_radii=&#8221;on|12px|12px|12px|12px&#8221; global_colors_info=&#8221;{}&#8221;][\/et_pb_image][et_pb_text _builder_version=&#8221;4.23.1&#8243; _module_preset=&#8221;default&#8221; text_font=&#8221;Poppins|200|||||||&#8221; text_text_color=&#8221;#000000&#8243; text_font_size=&#8221;20px&#8221; custom_margin=&#8221;-20px||||false|false&#8221; global_colors_info=&#8221;{}&#8221;]<\/p>\n<p>Leggings<\/p>\n<p>[\/et_pb_text][\/et_pb_column][et_pb_column type=&#8221;1_4&#8243; _builder_version=&#8221;4.22.2&#8243; _module_preset=&#8221;default&#8221; global_colors_info=&#8221;{}&#8221;][et_pb_image src=&#8221;https:\/\/kwv.ljx.temporary.site\/wp-content\/uploads\/2023\/11\/Cross-Back-Sport-Top-White-1-1.png&#8221; title_text=&#8221;Cross Back Sport Top-White 1 1&#8243; url=&#8221;https:\/\/kwv.ljx.temporary.site\/tops\/&#8221; _builder_version=&#8221;4.22.2&#8243; _module_preset=&#8221;default&#8221; border_radii=&#8221;on|12px|12px|12px|12px&#8221; global_colors_info=&#8221;{}&#8221;][\/et_pb_image][et_pb_text _builder_version=&#8221;4.23.1&#8243; _module_preset=&#8221;default&#8221; text_font=&#8221;Poppins|200|||||||&#8221; text_text_color=&#8221;#000000&#8243; text_font_size=&#8221;20px&#8221; custom_margin=&#8221;-20px||||false|false&#8221; global_colors_info=&#8221;{}&#8221;]<\/p>\n<p>Tops<\/p>\n<p>[\/et_pb_text][\/et_pb_column][et_pb_column type=&#8221;1_4&#8243; _builder_version=&#8221;4.22.2&#8243; _module_preset=&#8221;default&#8221; global_colors_info=&#8221;{}&#8221;][et_pb_image src=&#8221;https:\/\/kwv.ljx.temporary.site\/wp-content\/uploads\/2023\/11\/Essential-Seamless-Set-Big-Grey-1-1.png&#8221; title_text=&#8221;Essential Seamless Set-Big Grey 1 1&#8243; url=&#8221;https:\/\/kwv.ljx.temporary.site\/sets\/&#8221; _builder_version=&#8221;4.23.1&#8243; _module_preset=&#8221;default&#8221; border_radii=&#8221;on|12px|12px|12px|12px&#8221; global_colors_info=&#8221;{}&#8221;][\/et_pb_image][et_pb_text _builder_version=&#8221;4.23.1&#8243; _module_preset=&#8221;default&#8221; text_font=&#8221;Poppins|200|||||||&#8221; text_text_color=&#8221;#000000&#8243; text_font_size=&#8221;20px&#8221; custom_margin=&#8221;-20px||||false|false&#8221; global_colors_info=&#8221;{}&#8221;]<\/p>\n<p>Sets<\/p>\n<p>[\/et_pb_text][\/et_pb_column][et_pb_column type=&#8221;1_4&#8243; _builder_version=&#8221;4.23.1&#8243; _module_preset=&#8221;default&#8221; global_colors_info=&#8221;{}&#8221;][et_pb_image src=&#8221;https:\/\/kwv.ljx.temporary.site\/wp-content\/uploads\/2023\/09\/Sculpted-Jumpsuit-Light-Green-1.jpeg&#8221; title_text=&#8221;Sculpted Jumpsuit-Light Green 1&#8243; url=&#8221;https:\/\/kwv.ljx.temporary.site\/jumpsuits\/&#8221; _builder_version=&#8221;4.23.1&#8243; _module_preset=&#8221;default&#8221; border_radii=&#8221;on|12px|12px|12px|12px&#8221; global_colors_info=&#8221;{}&#8221;][\/et_pb_image][et_pb_text _builder_version=&#8221;4.23.1&#8243; _module_preset=&#8221;default&#8221; text_font=&#8221;Poppins|200|||||||&#8221; text_text_color=&#8221;#000000&#8243; text_font_size=&#8221;20px&#8221; custom_margin=&#8221;-20px||||false|false&#8221; global_colors_info=&#8221;{}&#8221;]<\/p>\n<p>Jumpsuits<\/p>\n<p>[\/et_pb_text][\/et_pb_column][\/et_pb_row][\/et_pb_section][et_pb_section fb_built=&#8221;1&#8243; disabled_on=&#8221;off|off|off&#8221; admin_label=&#8221;Image &#8211; Text&#8221; _builder_version=&#8221;4.23.1&#8243; use_background_color_gradient=&#8221;on&#8221; background_color_gradient_direction=&#8221;45deg&#8221; background_color_gradient_stops=&#8221;#ff6a88 0%|#ff99ac 100%&#8221; background_color_gradient_start=&#8221;#ff6a88&#8243; background_color_gradient_end=&#8221;#ff99ac&#8221; background_image=&#8221;https:\/\/kwv.ljx.temporary.site\/wp-content\/uploads\/2023\/12\/Foto-Web-4-3.png&#8221; parallax=&#8221;on&#8221; parallax_method=&#8221;off&#8221; min_height=&#8221;360px&#8221; min_height_tablet=&#8221;360px&#8221; min_height_phone=&#8221;auto&#8221; min_height_last_edited=&#8221;on|phone&#8221; height=&#8221;360px&#8221; height_tablet=&#8221;360px&#8221; height_phone=&#8221;auto&#8221; height_last_edited=&#8221;on|phone&#8221; max_height=&#8221;360px&#8221; max_height_tablet=&#8221;360px&#8221; max_height_phone=&#8221;&#8221; max_height_last_edited=&#8221;on|phone&#8221; overflow-x=&#8221;visible&#8221; overflow-y=&#8221;visible&#8221; custom_margin=&#8221;0px||||false|false&#8221; custom_padding=&#8221;370px||||false|false&#8221; filter_brightness=&#8221;50%&#8221; animation_duration_tablet=&#8221;&#8221; animation_duration_phone=&#8221;&#8221; animation_duration_last_edited=&#8221;on|phone&#8221; saved_tabs=&#8221;all&#8221; locked=&#8221;off&#8221; global_colors_info=&#8221;{}&#8221;][et_pb_row disabled_on=&#8221;off|off|off&#8221; _builder_version=&#8221;4.23.1&#8243; min_height=&#8221;320px&#8221; min_height_tablet=&#8221;320px&#8221; min_height_phone=&#8221;auto&#8221; min_height_last_edited=&#8221;on|tablet&#8221; height=&#8221;320px&#8221; height_tablet=&#8221;320px&#8221; height_phone=&#8221;auto&#8221; height_last_edited=&#8221;on|desktop&#8221; max_height=&#8221;320px&#8221; max_height_tablet=&#8221;320px&#8221; max_height_phone=&#8221;&#8221; max_height_last_edited=&#8221;on|desktop&#8221; custom_margin_tablet=&#8221;&#8221; custom_margin_phone=&#8221;0px|auto|10px|auto|false|false&#8221; custom_margin_last_edited=&#8221;on|phone&#8221; custom_padding=&#8221;0px||0px||false|false&#8221; global_colors_info=&#8221;{}&#8221;][et_pb_column type=&#8221;4_4&#8243; _builder_version=&#8221;4.23.1&#8243; custom_padding=&#8221;30px||||false|false&#8221; global_colors_info=&#8221;{}&#8221; custom_padding__hover=&#8221;|||&#8221;][et_pb_text _builder_version=&#8221;4.23.1&#8243; text_font=&#8221;Poppins|100|||||||&#8221; text_text_color=&#8221;#FFFFFF&#8221; text_font_size=&#8221;34px&#8221; header_font=&#8221;||||||||&#8221; text_orientation=&#8221;center&#8221; custom_margin=&#8221;60px||||false|false&#8221; animation_style=&#8221;zoom&#8221; text_orientation_tablet=&#8221;&#8221; text_orientation_phone=&#8221;center&#8221; text_orientation_last_edited=&#8221;on|phone&#8221; locked=&#8221;off&#8221; global_colors_info=&#8221;{}&#8221;]<\/p>\n<h3 style=\"text-align: center;\"><span style=\"color: #ffffff;\">Pick the best outfit for you<\/span><\/h3>\n<p>[\/et_pb_text][\/et_pb_column][\/et_pb_row][\/et_pb_section][et_pb_section fb_built=&#8221;1&#8243; admin_label=&#8221;Products&#8221; _builder_version=&#8221;4.23.1&#8243; _module_preset=&#8221;default&#8221; background_color=&#8221;#FFFFFF&#8221; vertical_offset_tablet=&#8221;-150px&#8221; vertical_offset_phone=&#8221;-150px&#8221; vertical_offset_last_edited=&#8221;on|phone&#8221; width=&#8221;100%&#8221; width_tablet=&#8221;100%&#8221; width_phone=&#8221;100%&#8221; width_last_edited=&#8221;on|phone&#8221; max_width=&#8221;100%&#8221; custom_margin=&#8221;0px||||false|false&#8221; custom_margin_tablet=&#8221;200px||||false|false&#8221; custom_margin_phone=&#8221;0px|0px|50px||false|false&#8221; custom_margin_last_edited=&#8221;on|phone&#8221; custom_padding=&#8221;0px|0px|0px||false|false&#8221; locked=&#8221;off&#8221; collapsed=&#8221;on&#8221; global_colors_info=&#8221;{}&#8221;][et_pb_row use_custom_gutter=&#8221;on&#8221; gutter_width=&#8221;2&#8243; _builder_version=&#8221;4.23.1&#8243; _module_preset=&#8221;default&#8221; width=&#8221;98%&#8221; custom_margin=&#8221;0px||||false|false&#8221; custom_padding=&#8221;0px||0px||false|false&#8221; custom_css_free_form=&#8221;.et_overlay{||display:none;||}&#8221; global_colors_info=&#8221;{}&#8221;][et_pb_column type=&#8221;4_4&#8243; _builder_version=&#8221;4.22.2&#8243; _module_preset=&#8221;default&#8221; global_colors_info=&#8221;{}&#8221;][et_pb_text _builder_version=&#8221;4.23.1&#8243; _module_preset=&#8221;5d4bcaa6-66f6-4abe-a42b-4c0e3ff9a754&#8243; header_font=&#8221;Poppins|300|||||||&#8221; header_2_font=&#8221;Poppins|300|||||||&#8221; custom_margin_tablet=&#8221;&#8221; custom_margin_phone=&#8221;20px||||false|false&#8221; custom_margin_last_edited=&#8221;on|phone&#8221; inline_fonts=&#8221;Poppins&#8221; global_colors_info=&#8221;{}&#8221;]<\/p>\n<h2><span style=\"font-family: Poppins;\">New Arrivals<\/span><\/h2>\n<p>[\/et_pb_text][et_pb_shop type=&#8221;product_category&#8221; posts_number=&#8221;6&#8243; show_pagination=&#8221;on&#8221; include_categories=&#8221;all&#8221; columns_number=&#8221;3&#8243; icon_hover_color=&#8221;RGBA(255,255,255,0)&#8221; hover_overlay_color=&#8221;RGBA(255,255,255,0)&#8221; show_rating=&#8221;off&#8221; _builder_version=&#8221;4.23.1&#8243; _module_preset=&#8221;95948760-d06e-4559-bb6f-9c259d92ddae&#8221; title_font=&#8221;Poppins|300|||||||&#8221; title_font_size=&#8221;14px&#8221; title_line_height=&#8221;1em&#8221; price_font=&#8221;|300|||||||&#8221; price_text_color=&#8221;gcid-a3412674-3498-4142-ac08-6afad8430048&#8243; price_font_size=&#8221;14px&#8221; price_line_height=&#8221;15px&#8221; text_orientation=&#8221;left&#8221; custom_margin=&#8221;-10px||||false|false&#8221; custom_margin_tablet=&#8221;-10px||||false|false&#8221; custom_margin_phone=&#8221;-15px||||false|false&#8221; custom_margin_last_edited=&#8221;on|phone&#8221; custom_padding=&#8221;0px||||false|false&#8221; title_font_size_phone=&#8221;14px&#8221; border_color_all=&#8221;RGBA(255,255,255,0)&#8221; border_radii_image=&#8221;on|8px|8px|8px|8px&#8221; locked=&#8221;off&#8221; global_colors_info=&#8221;{%22gcid-a3412674-3498-4142-ac08-6afad8430048%22:%91%22rating_text_color%22,%22sale_badge_color%22,%22price_text_color%22%93}&#8221;][\/et_pb_shop][\/et_pb_column][\/et_pb_row][\/et_pb_section][et_pb_section fb_built=&#8221;1&#8243; _builder_version=&#8221;4.23.1&#8243; _module_preset=&#8221;default&#8221; custom_margin=&#8221;||||false|false&#8221; custom_margin_tablet=&#8221;||||false|false&#8221; custom_margin_phone=&#8221;-100px||||false|false&#8221; custom_margin_last_edited=&#8221;on|phone&#8221; custom_padding=&#8221;70px||70px||true|false&#8221; global_colors_info=&#8221;{}&#8221;][et_pb_row _builder_version=&#8221;4.22.2&#8243; _module_preset=&#8221;default&#8221; background_image=&#8221;https:\/\/kwv.ljx.temporary.site\/wp-content\/uploads\/2023\/11\/Frame-164.jpg&#8221; width=&#8221;92%&#8221; max_width=&#8221;1300px&#8221; min_height=&#8221;700px&#8221; min_height_tablet=&#8221;700px&#8221; min_height_phone=&#8221;640px&#8221; min_height_last_edited=&#8221;on|phone&#8221; height=&#8221;640px&#8221; height_tablet=&#8221;640px&#8221; height_phone=&#8221;640px&#8221; height_last_edited=&#8221;on|phone&#8221; max_height=&#8221;715px&#8221; max_height_tablet=&#8221;715px&#8221; max_height_phone=&#8221;760px&#8221; max_height_last_edited=&#8221;on|phone&#8221; custom_margin=&#8221;0px||15px||false|false&#8221; border_radii=&#8221;on|12px|12px|12px|12px&#8221; global_colors_info=&#8221;{}&#8221;][et_pb_column type=&#8221;4_4&#8243; _builder_version=&#8221;4.22.2&#8243; _module_preset=&#8221;default&#8221; global_colors_info=&#8221;{}&#8221;][et_pb_text _builder_version=&#8221;4.23.1&#8243; _module_preset=&#8221;default&#8221; text_font=&#8221;Poppins|200|||||||&#8221; text_text_color=&#8221;#ffffff&#8221; text_font_size=&#8221;38px&#8221; text_letter_spacing=&#8221;1px&#8221; text_orientation=&#8221;center&#8221; width=&#8221;100%&#8221; max_width=&#8221;100%&#8221; module_alignment=&#8221;center&#8221; custom_margin=&#8221;460px||||false|false&#8221; custom_margin_tablet=&#8221;390px||||false|false&#8221; custom_margin_phone=&#8221;390px||||false|false&#8221; custom_margin_last_edited=&#8221;on|phone&#8221; custom_padding=&#8221;40px||||false|false&#8221; custom_padding_tablet=&#8221;30px||||false|false&#8221; custom_padding_phone=&#8221;30px||||false|false&#8221; custom_padding_last_edited=&#8221;on|tablet&#8221; text_font_size_tablet=&#8221;28px&#8221; text_font_size_phone=&#8221;24px&#8221; text_font_size_last_edited=&#8221;on|phone&#8221; text_line_height_tablet=&#8221;&#8221; text_line_height_phone=&#8221;1em&#8221; text_line_height_last_edited=&#8221;on|tablet&#8221; global_colors_info=&#8221;{}&#8221;]<\/p>\n<p>Explore Tie Die Leggings<\/p>\n<p>[\/et_pb_text][et_pb_text _builder_version=&#8221;4.22.2&#8243; _module_preset=&#8221;default&#8221; text_font=&#8221;Poppins|200|||||||&#8221; text_text_color=&#8221;#ffffff&#8221; text_font_size=&#8221;18px&#8221; text_orientation=&#8221;center&#8221; custom_margin=&#8221;-14px||||false|false&#8221; global_colors_info=&#8221;{}&#8221;]<\/p>\n<p>New Styles &amp; Colors<\/p>\n<p>[\/et_pb_text][et_pb_button button_url=&#8221;https:\/\/kwv.ljx.temporary.site\/product\/tie-die-leggings-camouflage-green\/&#8221; button_text=&#8221;Shop&#8221; button_alignment=&#8221;center&#8221; _builder_version=&#8221;4.23.1&#8243; _module_preset=&#8221;default&#8221; custom_button=&#8221;on&#8221; button_border_width=&#8221;0px&#8221; button_border_radius=&#8221;28px&#8221; button_letter_spacing=&#8221;0px&#8221; button_font=&#8221;Poppins|300|||||||&#8221; button_use_icon=&#8221;off&#8221; custom_margin=&#8221;-10px||||false|false&#8221; global_colors_info=&#8221;{}&#8221;][\/et_pb_button][\/et_pb_column][\/et_pb_row][\/et_pb_section][et_pb_section fb_built=&#8221;1&#8243; specialty=&#8221;on&#8221; admin_label=&#8221;Footer&#8221; _builder_version=&#8221;4.22.2&#8243; _module_preset=&#8221;default&#8221; background_color=&#8221;#000000&#8243; custom_margin=&#8221;0px||||false|false&#8221; custom_padding=&#8221;||0px||false|false&#8221; border_radii=&#8221;off|12px|12px||&#8221; saved_tabs=&#8221;all&#8221; collapsed=&#8221;on&#8221; global_colors_info=&#8221;{}&#8221;][et_pb_column type=&#8221;1_2&#8243; _builder_version=&#8221;4.16&#8243; _module_preset=&#8221;default&#8221; custom_padding=&#8221;|||&#8221; global_colors_info=&#8221;{}&#8221; custom_padding__hover=&#8221;|||&#8221;][et_pb_text _builder_version=&#8221;4.22.2&#8243; _module_preset=&#8221;c86d33f5-7179-4198-bcd7-76386cf42ab5&#8243; text_font=&#8221;Poppins|300|||||||&#8221; text_font_size=&#8221;16px&#8221; header_font_size=&#8221;24px&#8221; header_3_font=&#8221;Poppins|300|||||||&#8221; header_3_text_color=&#8221;#FFFFFF&#8221; width=&#8221;100%&#8221; custom_margin=&#8221;0px||||false|false&#8221; custom_padding=&#8221;0px||||false|false&#8221; custom_padding_tablet=&#8221;20px||||false|false&#8221; custom_padding_phone=&#8221;20px||||false|false&#8221; custom_padding_last_edited=&#8221;on|desktop&#8221; header_3_font_size_phone=&#8221;18px&#8221; global_colors_info=&#8221;{}&#8221;]<\/p>\n<h3>SportsWear Albania<\/h3>\n<p>[\/et_pb_text][et_pb_text _builder_version=&#8221;4.22.2&#8243; _module_preset=&#8221;b8fb0c53-3403-4c93-910e-efa716a71b63&#8243; text_font=&#8221;Poppins|300|||||||&#8221; text_text_color=&#8221;#FFFFFF&#8221; custom_margin=&#8221;-20px||||false|false&#8221; custom_padding=&#8221;0px||||false|false&#8221; global_colors_info=&#8221;{}&#8221;]<\/p>\n<p><span>Misioni yn\u00eb \u00ebsht\u00eb q\u00eb t\u00eb sjellim sa m\u00eb afer jush veshje sportive t\u00eb kualitetit t\u00eb lart\u00eb, funksionale dhe q\u00eb ndihmojn\u00eb\u00a0<\/span>\u00e7<span>do individ t\u00eb arrij\u00eb potencialin e tij m\u00eb t\u00eb lart\u00eb.<\/span><\/p>\n<p>[\/et_pb_text][\/et_pb_column][et_pb_column type=&#8221;1_2&#8243; specialty_columns=&#8221;2&#8243; _builder_version=&#8221;4.16&#8243; _module_preset=&#8221;default&#8221; custom_padding=&#8221;|||&#8221; global_colors_info=&#8221;{}&#8221; custom_padding__hover=&#8221;|||&#8221;][et_pb_row_inner column_structure=&#8221;1_3,1_3,1_3&#8243; _builder_version=&#8221;4.23.1&#8243; _module_preset=&#8221;default&#8221; custom_padding=&#8221;|0px||||&#8221; global_colors_info=&#8221;{}&#8221;][et_pb_column_inner type=&#8221;1_3&#8243; saved_specialty_column_type=&#8221;1_2&#8243; _builder_version=&#8221;4.20.0&#8243; _module_preset=&#8221;default&#8221; global_colors_info=&#8221;{}&#8221;][et_pb_text _builder_version=&#8221;4.23.1&#8243; _module_preset=&#8221;b8fb0c53-3403-4c93-910e-efa716a71b63&#8243; text_text_color=&#8221;#FFFFFF&#8221; link_text_color=&#8221;#FFFFFF&#8221; custom_margin=&#8221;||10px||false|false&#8221; link_option_url=&#8221;https:\/\/kwv.ljx.temporary.site\/kontakte\/&#8221; global_colors_info=&#8221;{}&#8221;]<\/p>\n<p>Kontakte<\/p>\n<p>[\/et_pb_text][et_pb_text _builder_version=&#8221;4.23.1&#8243; _module_preset=&#8221;b8fb0c53-3403-4c93-910e-efa716a71b63&#8243; text_text_color=&#8221;#FFFFFF&#8221; link_text_color=&#8221;#FFFFFF&#8221; custom_margin=&#8221;||10px||false|false&#8221; link_option_url=&#8221;https:\/\/kwv.ljx.temporary.site\/terms-conditions\/&#8221; global_colors_info=&#8221;{}&#8221;]<\/p>\n<p><a href=\"https:\/\/kwv.ljx.temporary.site\/terms-conditions\/\">Termat dhe Kushtet<\/a><\/p>\n<p>[\/et_pb_text][et_pb_text _builder_version=&#8221;4.23.1&#8243; _module_preset=&#8221;b8fb0c53-3403-4c93-910e-efa716a71b63&#8243; text_text_color=&#8221;#FFFFFF&#8221; link_text_color=&#8221;#FFFFFF&#8221; custom_margin=&#8221;||10px||false|false&#8221; link_option_url=&#8221;https:\/\/kwv.ljx.temporary.site\/politikat-nderrimit\/&#8221; global_colors_info=&#8221;{}&#8221;]<\/p>\n<p>Politikat Nderrimit<\/p>\n<p>[\/et_pb_text][et_pb_text _builder_version=&#8221;4.23.1&#8243; _module_preset=&#8221;b8fb0c53-3403-4c93-910e-efa716a71b63&#8243; text_text_color=&#8221;#FFFFFF&#8221; link_text_color=&#8221;#FFFFFF&#8221; custom_margin=&#8221;||10px||false|false&#8221; link_option_url=&#8221;https:\/\/kwv.ljx.temporary.site\/rreth-nesh\/&#8221; global_colors_info=&#8221;{}&#8221;]<\/p>\n<p>Preth Nesh<\/p>\n<p>[\/et_pb_text][\/et_pb_column_inner][et_pb_column_inner type=&#8221;1_3&#8243; saved_specialty_column_type=&#8221;1_2&#8243; _builder_version=&#8221;4.22.2&#8243; _module_preset=&#8221;default&#8221; global_colors_info=&#8221;{}&#8221;][et_pb_social_media_follow _builder_version=&#8221;4.22.2&#8243; _module_preset=&#8221;default&#8221; custom_padding=&#8221;|||0px||&#8221; global_colors_info=&#8221;{}&#8221;][et_pb_social_media_follow_network social_network=&#8221;instagram&#8221; url=&#8221;https:\/\/www.instagram.com\/sportswear.albania\/&#8221; _builder_version=&#8221;4.22.2&#8243; _module_preset=&#8221;default&#8221; global_colors_info=&#8221;{}&#8221; follow_button=&#8221;off&#8221; url_new_window=&#8221;on&#8221;]instagram[\/et_pb_social_media_follow_network][et_pb_social_media_follow_network social_network=&#8221;tiktok&#8221; url=&#8221;https:\/\/www.tiktok.com\/@sportswear.albania?_t=8gyZHw3Fo4A&#038;_r=1&#8243; _builder_version=&#8221;4.22.2&#8243; _module_preset=&#8221;default&#8221; background_color=&#8221;#000000&#8243; background_enable_color=&#8221;on&#8221; global_colors_info=&#8221;{}&#8221; follow_button=&#8221;off&#8221; url_new_window=&#8221;on&#8221;]tiktok[\/et_pb_social_media_follow_network][\/et_pb_social_media_follow][\/et_pb_column_inner][et_pb_column_inner type=&#8221;1_3&#8243; _builder_version=&#8221;4.23.1&#8243; _module_preset=&#8221;default&#8221; global_colors_info=&#8221;{}&#8221;][\/et_pb_column_inner][\/et_pb_row_inner][\/et_pb_column][\/et_pb_section]<\/p>\n","protected":false},"excerpt":{"rendered":"<p>Sportswear Albania\u00a0Empowering your fitness journeyLeggingsTopsSetsJumpsuitsPick the best outfit for youNew ArrivalsExplore Tie Die LeggingsNew Styles &amp; ColorsSportsWear AlbaniaMisioni yn\u00eb \u00ebsht\u00eb q\u00eb t\u00eb sjellim sa m\u00eb afer jush veshje sportive t\u00eb kualitetit t\u00eb lart\u00eb, funksionale dhe q\u00eb ndihmojn\u00eb\u00a0\u00e7do individ t\u00eb arrij\u00eb potencialin e tij m\u00eb t\u00eb lart\u00eb.KontakteTermat dhe KushtetPolitikat NderrimitPreth Nesh<\/p>","protected":false},"author":1,"featured_media":0,"parent":0,"menu_order":0,"comment_status":"closed","ping_status":"closed","template":"","meta":{"_et_pb_use_builder":"on","_et_pb_old_content":"","_et_gb_content_width":"","footnotes":""},"class_list":["post-15922","page","type-page","status-publish","hentry"],"_links":{"self":[{"href":"https:\/\/kwv.ljx.temporary.site\/en\/wp-json\/wp\/v2\/pages\/15922","targetHints":{"allow":["GET"]}}],"collection":[{"href":"https:\/\/kwv.ljx.temporary.site\/en\/wp-json\/wp\/v2\/pages"}],"about":[{"href":"https:\/\/kwv.ljx.temporary.site\/en\/wp-json\/wp\/v2\/types\/page"}],"author":[{"embeddable":true,"href":"https:\/\/kwv.ljx.temporary.site\/en\/wp-json\/wp\/v2\/users\/1"}],"replies":[{"embeddable":true,"href":"https:\/\/kwv.ljx.temporary.site\/en\/wp-json\/wp\/v2\/comments?post=15922"}],"version-history":[{"count":8,"href":"https:\/\/kwv.ljx.temporary.site\/en\/wp-json\/wp\/v2\/pages\/15922\/revisions"}],"predecessor-version":[{"id":22642,"href":"https:\/\/kwv.ljx.temporary.site\/en\/wp-json\/wp\/v2\/pages\/15922\/revisions\/22642"}],"wp:attachment":[{"href":"https:\/\/kwv.ljx.temporary.site\/en\/wp-json\/wp\/v2\/media?parent=15922"}],"curies":[{"name":"wp","href":"https:\/\/api.w.org\/{rel}","templated":true}]}}